{"id":180,"date":"2025-02-07T18:55:49","date_gmt":"2025-02-07T16:55:49","guid":{"rendered":"https:\/\/motorparkexperience.ro\/?page_id=180"},"modified":"2026-02-19T17:04:59","modified_gmt":"2026-02-19T15:04:59","slug":"vouchere-acces-circuit","status":"publish","type":"page","link":"https:\/\/motorparkexperience.ro\/en\/vouchere\/vouchere-acces-circuit\/","title":{"rendered":"Track Access Vouchers"},"content":{"rendered":"<hr class=\"wp-block-separator has-alpha-channel-opacity is-style-wide\"\/>\n\n\n\n<div style=\"height:50px\" aria-hidden=\"true\" class=\"wp-block-spacer\"><\/div>\n\n\n\n<h3 class=\"wp-block-heading\"><strong><u><strong>MotorPark Experience Full Day Bike<\/strong><\/u><\/strong><\/h3>\n\n\n\n<p><strong>Voucher that you can offer as a gift, for access on the track with personal motorbike, for a whole day, on MotorPark Experience track days<\/strong><\/p>\n\n\n\n<div style=\"height:20px\" aria-hidden=\"true\" class=\"wp-block-spacer\"><\/div>\n\n\n\n<figure class=\"wp-block-image size-large has-custom-border is-style-rounded is-style-rounded--1\" style=\"margin-top:0;margin-right:0;margin-bottom:0;margin-left:0\"><img loading=\"lazy\" decoding=\"async\" width=\"1365\" height=\"768\" src=\"https:\/\/motorparkexperience.ro\/wp-content\/uploads\/2026\/01\/PKS00977-2-edited-3.jpg\" alt=\"\" class=\"wp-image-335\" style=\"border-style:none;border-width:0px;border-top-left-radius:0px;border-top-right-radius:0px;border-bottom-left-radius:0px;border-bottom-right-radius:0px;aspect-ratio:1.7777777777777777;object-fit:cover\" srcset=\"https:\/\/motorparkexperience.ro\/wp-content\/uploads\/2026\/01\/PKS00977-2-edited-3.jpg 1365w, https:\/\/motorparkexperience.ro\/wp-content\/uploads\/2026\/01\/PKS00977-2-edited-3-600x338.jpg 600w, https:\/\/motorparkexperience.ro\/wp-content\/uploads\/2026\/01\/PKS00977-2-edited-3-300x169.jpg 300w, https:\/\/motorparkexperience.ro\/wp-content\/uploads\/2026\/01\/PKS00977-2-edited-3-1024x576.jpg 1024w, https:\/\/motorparkexperience.ro\/wp-content\/uploads\/2026\/01\/PKS00977-2-edited-3-768x432.jpg 768w\" sizes=\"auto, (max-width: 1365px) 100vw, 1365px\" \/><\/figure>\n\n\n\n<div style=\"height:30px\" aria-hidden=\"true\" class=\"wp-block-spacer\"><\/div>\n\n\n\n<ul id=\"block-6c5e2e3f-a561-4da7-85c7-fbe138ad6315\" class=\"wp-block-list\">\n<li>6 sessions (4 x 20 minutes, 2 x 15 minutes)<\/li>\n\n\n\n<li>Transponder is included<\/li>\n\n\n\n<li style=\"padding-right:0;padding-left:0\">Full leather track gear is mandatory (suit, helmet, gloves, boots), license plates will be removed and glass parts (mirrors, headlights, etc.) will be covered with tape.<\/li>\n<\/ul>\n\n\n\n<p class=\"has-text-color has-link-color wp-elements-eba1ee448947e04cfe19af9293ad7ba9\" style=\"color:#00a339\"><strong>AVAILABLE FOR 2026 SEASON<\/strong><\/p>\n\n\n\n<ul class=\"wp-block-list\">\n<li class=\"has-accent-3-color has-text-color has-link-color wp-elements-b0640fd0d352ae9fa1086934cdedfd22\" style=\"font-size:clamp(0.984rem, 0.984rem + ((1vw - 0.2rem) * 0.041), 1.5rem);\"><strong>One day - 700 RON<\/strong><\/li>\n\n\n\n<li class=\"has-accent-3-color has-text-color has-link-color wp-elements-124ba5c9289898d36b19e77fcfc0e92c\" style=\"font-size:clamp(0.984rem, 0.984rem + ((1vw - 0.2rem) * 0.041), 1.5rem);\"><strong>3 days + 1 free \u2013 1800 RON<\/strong><\/li>\n<\/ul>\n\n\n\n<p style=\"font-size:clamp(0.984rem, 0.984rem + ((1vw - 0.2rem) * 0.041), 1.5rem);\"><strong><a href=\"https:\/\/motorparkexperience.ro\/en\/pachet-acces-cu-motocicleta-personala-o-zi\/\" data-type=\"page\" data-id=\"383\">Very important details here<\/a><\/strong><\/p>\n\n\n\n<div style=\"height:50px\" aria-hidden=\"true\" class=\"wp-block-spacer\"><\/div>\n\n\n\n<hr class=\"wp-block-separator has-alpha-channel-opacity is-style-wide\"\/>\n\n\n\n<div style=\"height:50px\" aria-hidden=\"true\" class=\"wp-block-spacer\"><\/div>\n\n\n\n<h3 class=\"wp-block-heading\"><strong><u><strong>MotorPark Experience Full Day Car<\/strong><\/u><\/strong><\/h3>\n\n\n\n<p><strong>Voucher that you can offer as a gift, for access on the track with personal car, for a whole day, on MotorPark Experience track days<\/strong><\/p>\n\n\n\n<div style=\"height:20px\" aria-hidden=\"true\" class=\"wp-block-spacer\"><\/div>\n\n\n\n<figure class=\"wp-block-image size-large has-custom-border is-style-rounded is-style-rounded--2\" style=\"margin-top:0;margin-right:0;margin-bottom:0;margin-left:0\"><img loading=\"lazy\" decoding=\"async\" width=\"1365\" height=\"768\" src=\"https:\/\/motorparkexperience.ro\/wp-content\/uploads\/2026\/01\/PKS02089-edited-1.jpg\" alt=\"\" class=\"wp-image-343\" style=\"border-style:none;border-width:0px;border-top-left-radius:0px;border-top-right-radius:0px;border-bottom-left-radius:0px;border-bottom-right-radius:0px;aspect-ratio:16\/9;object-fit:cover\" srcset=\"https:\/\/motorparkexperience.ro\/wp-content\/uploads\/2026\/01\/PKS02089-edited-1.jpg 1365w, https:\/\/motorparkexperience.ro\/wp-content\/uploads\/2026\/01\/PKS02089-edited-1-600x338.jpg 600w, https:\/\/motorparkexperience.ro\/wp-content\/uploads\/2026\/01\/PKS02089-edited-1-300x169.jpg 300w, https:\/\/motorparkexperience.ro\/wp-content\/uploads\/2026\/01\/PKS02089-edited-1-1024x576.jpg 1024w, https:\/\/motorparkexperience.ro\/wp-content\/uploads\/2026\/01\/PKS02089-edited-1-768x432.jpg 768w\" sizes=\"auto, (max-width: 1365px) 100vw, 1365px\" \/><\/figure>\n\n\n\n<div style=\"height:30px\" aria-hidden=\"true\" class=\"wp-block-spacer\"><\/div>\n\n\n\n<ul id=\"block-6c5e2e3f-a561-4da7-85c7-fbe138ad6315\" class=\"wp-block-list\">\n<li>2 sessions x 3 hours = 6 hours<\/li>\n\n\n\n<li>Transponder is included<\/li>\n\n\n\n<li>The price is for only one pilot<\/li>\n\n\n\n<li style=\"padding-right:0;padding-left:0\">The helmet is mandatory (helmets can be rented at the track if necessary)<\/li>\n<\/ul>\n\n\n\n<p class=\"has-text-color has-link-color wp-elements-eba1ee448947e04cfe19af9293ad7ba9\" style=\"color:#00a339\"><strong>AVAILABLE FOR 2026 SEASON<\/strong><\/p>\n\n\n\n<ul class=\"wp-block-list\">\n<li class=\"has-accent-3-color has-text-color has-link-color wp-elements-51c69f5870f5450e99ea0862534fb4dd\" style=\"font-size:clamp(0.984rem, 0.984rem + ((1vw - 0.2rem) * 0.041), 1.5rem);\"><strong>One day - 800 RON<\/strong><\/li>\n\n\n\n<li class=\"has-accent-3-color has-text-color has-link-color wp-elements-6a06ba29818114797dbc2cd37f6ec0d4\" style=\"font-size:clamp(0.984rem, 0.984rem + ((1vw - 0.2rem) * 0.041), 1.5rem);\"><strong>3 days + 1 free \u2013 2100 RON<\/strong><\/li>\n<\/ul>\n\n\n\n<p style=\"font-size:clamp(0.984rem, 0.984rem + ((1vw - 0.2rem) * 0.041), 1.5rem);\"><strong><a href=\"https:\/\/motorparkexperience.ro\/en\/pachet-acces-cu-masina-personala-o-zi\/\" data-type=\"page\" data-id=\"390\">Very important details here<\/a><\/strong><\/p>\n\n\n\n<div style=\"height:50px\" aria-hidden=\"true\" class=\"wp-block-spacer\"><\/div>\n\n\n\n<hr class=\"wp-block-separator has-alpha-channel-opacity is-style-wide\"\/>\n\n\n\n<h5 class=\"wp-block-heading\" id=\"block-3a09f1e6-0916-473f-af83-f332c92f713d\"><\/h5>\n\n\n\n<p><\/p>","protected":false},"excerpt":{"rendered":"<p>MotorPark Experience Full Day Bike Voucher pe care \u00eel po\u021bi oferi drept cadou, pentru acces pe circuit cu motocicleta personal\u0103, o zi intreag\u0103, \u00een cadrul track day-urilor MotorPark Experience DISPONIBIL [&hellip;]<\/p>\n","protected":false},"author":1,"featured_media":0,"parent":185,"menu_order":2,"comment_status":"closed","ping_status":"closed","template":"","meta":{"_EventAllDay":false,"_EventTimezone":"","_EventStartDate":"","_EventEndDate":"","_EventStartDateUTC":"","_EventEndDateUTC":"","_EventShowMap":false,"_EventShowMapLink":false,"_EventURL":"","_EventCost":"","_EventCostDescription":"","_EventCurrencySymbol":"","_EventCurrencyCode":"","_EventCurrencyPosition":"","_EventDateTimeSeparator":"","_EventTimeRangeSeparator":"","_EventOrganizerID":[],"_EventVenueID":[],"_OrganizerEmail":"","_OrganizerPhone":"","_OrganizerWebsite":"","_VenueAddress":"","_VenueCity":"","_VenueCountry":"","_VenueProvince":"","_VenueState":"","_VenueZip":"","_VenuePhone":"","_VenueURL":"","_VenueStateProvince":"","_VenueLat":"","_VenueLng":"","_VenueShowMap":false,"_VenueShowMapLink":false,"footnotes":""},"class_list":["post-180","page","type-page","status-publish","hentry"],"_links":{"self":[{"href":"https:\/\/motorparkexperience.ro\/en\/wp-json\/wp\/v2\/pages\/180","targetHints":{"allow":["GET"]}}],"collection":[{"href":"https:\/\/motorparkexperience.ro\/en\/wp-json\/wp\/v2\/pages"}],"about":[{"href":"https:\/\/motorparkexperience.ro\/en\/wp-json\/wp\/v2\/types\/page"}],"author":[{"embeddable":true,"href":"https:\/\/motorparkexperience.ro\/en\/wp-json\/wp\/v2\/users\/1"}],"replies":[{"embeddable":true,"href":"https:\/\/motorparkexperience.ro\/en\/wp-json\/wp\/v2\/comments?post=180"}],"version-history":[{"count":14,"href":"https:\/\/motorparkexperience.ro\/en\/wp-json\/wp\/v2\/pages\/180\/revisions"}],"predecessor-version":[{"id":685,"href":"https:\/\/motorparkexperience.ro\/en\/wp-json\/wp\/v2\/pages\/180\/revisions\/685"}],"up":[{"embeddable":true,"href":"https:\/\/motorparkexperience.ro\/en\/wp-json\/wp\/v2\/pages\/185"}],"wp:attachment":[{"href":"https:\/\/motorparkexperience.ro\/en\/wp-json\/wp\/v2\/media?parent=180"}],"curies":[{"name":"wp","href":"https:\/\/api.w.org\/{rel}","templated":true}]}}