{"id":192,"date":"2025-02-08T18:34:34","date_gmt":"2025-02-08T16:34:34","guid":{"rendered":"https:\/\/motorparkexperience.ro\/?page_id=192"},"modified":"2026-02-08T08:15:08","modified_gmt":"2026-02-08T06:15:08","slug":"acces-cu-motocicleta","status":"publish","type":"page","link":"https:\/\/motorparkexperience.ro\/en\/acces-circuit\/acces-cu-motocicleta\/","title":{"rendered":"Access with Personal Motorbike"},"content":{"rendered":"<h3 class=\"wp-block-heading\"><\/h3>\n\n\n\n<figure class=\"wp-block-image size-full is-style-rounded is-style-rounded--1\"><img loading=\"lazy\" decoding=\"async\" width=\"1024\" height=\"682\" src=\"https:\/\/motorparkexperience.ro\/wp-content\/uploads\/2025\/05\/PKS071241.jpg\" alt=\"\" class=\"wp-image-240\" srcset=\"https:\/\/motorparkexperience.ro\/wp-content\/uploads\/2025\/05\/PKS071241.jpg 1024w, https:\/\/motorparkexperience.ro\/wp-content\/uploads\/2025\/05\/PKS071241-600x400.jpg 600w, https:\/\/motorparkexperience.ro\/wp-content\/uploads\/2025\/05\/PKS071241-300x200.jpg 300w, https:\/\/motorparkexperience.ro\/wp-content\/uploads\/2025\/05\/PKS071241-768x512.jpg 768w\" sizes=\"auto, (max-width: 1024px) 100vw, 1024px\" \/><\/figure>\n\n\n\n<div style=\"height:20px\" aria-hidden=\"true\" class=\"wp-block-spacer\"><\/div>\n\n\n\n<h3 class=\"wp-block-heading has-text-align-center\">Access with Personal Motorbike on the Track<\/h3>\n\n\n\n<div style=\"height:20px\" aria-hidden=\"true\" class=\"wp-block-spacer\"><\/div>\n\n\n\n<p>If you want to enter the track with your personal motorbike, this is possible on certain days organized by us, Track Day Moto \u2013 MotorPark Experience.<\/p>\n\n\n\n<p>We are the biggest track day organizers on circuit in Romania, with the best race control team. We will always have a briefing in the morning, where you will be explained what to do and what not to do on the track. If you come for the first time, you will have an instructor for one session, free of charge, to guide you on the track. You will also always find someone to give you advice on certain issues or answer your questions. We are the team that runs the MotoRC championship and participated in organizing the international BMU championship in Romania<\/p>\n\n\n\n<ul class=\"wp-block-list\">\n<li>Please check\u00a0<a href=\"http:\/\/www.motorparkromania.ro\/calendar.html\" target=\"_blank\" rel=\"noreferrer noopener\">the calendar<\/a>\u00a0for available days for Track Day Moto \u2013 MotorPark Experience. You can also find information here regarding the following events: <a href=\"https:\/\/motorparkexperience.ro\/en\/events\/\">https:\/\/motorparkexperience.ro\/events\/<\/a><\/li>\n<\/ul>\n\n\n\n<ul class=\"wp-block-list\">\n<li>For MotorPark Experience events you can register in advance or at the circuit, or you can purchase <a href=\"https:\/\/motorparkexperience.ro\/en\/vouchere\/vouchere-acces-circuit\/\" data-type=\"page\" data-id=\"180\">vouchers<\/a> that can be given as gifts to your friends to have a special day on the track.<\/li>\n<\/ul>\n\n\n\n<ul class=\"wp-block-list\">\n<li>Please pay attention to the equipment: it is mandatory to have the right equipment for the circuit. In addition to the helmet, you need a leather suit or a textile jacket and pants, which can be fastened together with a zipper (no staples, hooks, etc.), gloves and over ankle boots. The jacket must have spine protection or you must have this protection separately.<\/li>\n<\/ul>\n\n\n\n<ul class=\"wp-block-list\">\n<li>Information regarding registration, access price, payment methods, as well as other specific information, is published at each individual event.<\/li>\n<\/ul>\n\n\n\n<div style=\"height:20px\" aria-hidden=\"true\" class=\"wp-block-spacer\"><\/div>\n\n\n\n<p>Information regarding the rules that must be followed at the circuit (MotorPark Romania regulations) can be found here:<\/p>\n\n\n\n<ul class=\"wp-block-list\">\n<li><a href=\"https:\/\/motorparkexperience.ro\/en\/regulamente\/termeni-si-conditii-acces\/\" data-type=\"link\" data-id=\"https:\/\/motorparkexperience.ro\/regulamente\/termeni-si-conditii-acces\/\">Access Terms and Conditions<\/a><\/li>\n\n\n\n<li><a href=\"https:\/\/motorparkexperience.ro\/en\/regulamente\/regulament-de-acces\/\">Access Rules<\/a><\/li>\n<\/ul>\n\n\n\n<p>Information regarding the MotorPark Experience track days, flags and answers to your questions can be found here:<\/p>\n\n\n\n<ul class=\"wp-block-list\">\n<li><a href=\"https:\/\/motorparkexperience.ro\/en\/regulamente\/semnificatie-steaguri\/\" data-type=\"link\" data-id=\"https:\/\/motorparkexperience.ro\/regulamente\/semnificatie-steaguri\/\">Track Day flags meaning<\/a><\/li>\n\n\n\n<li><a href=\"https:\/\/motorparkexperience.ro\/en\/regulamente\/intrebari-si-raspunsuri-qa\/\">Questions and Answers for motorbikers<\/a><\/li>\n\n\n\n<li><a href=\"https:\/\/motorparkexperience.ro\/en\/regulamente\/informatii-suplimentare\/\" data-type=\"link\" data-id=\"https:\/\/motorparkexperience.ro\/regulamente\/informatii-suplimentare\/\">Additional Information<\/a><\/li>\n<\/ul>\n\n\n\n<p>We recommend that you read all of the information above as it will help you better understand the safety regulations on the track. If you still have questions, here are our contact details: <a href=\"https:\/\/motorparkexperience.ro\/en\/contact\/\">https:\/\/motorparkexperience.ro\/en\/contact\/<\/a><\/p>\n\n\n\n<div style=\"height:20px\" aria-hidden=\"true\" class=\"wp-block-spacer\"><\/div>\n\n\n\n<div class=\"wp-block-columns is-layout-flex wp-container-core-columns-is-layout-28f84493 wp-block-columns-is-layout-flex\">\n<div class=\"wp-block-column is-layout-flow wp-block-column-is-layout-flow\">\n<figure class=\"wp-block-image size-full is-style-rounded is-style-rounded--2\"><img loading=\"lazy\" decoding=\"async\" width=\"1024\" height=\"682\" src=\"https:\/\/motorparkexperience.ro\/wp-content\/uploads\/2026\/01\/PKS009711.jpg\" alt=\"\" class=\"wp-image-356\" srcset=\"https:\/\/motorparkexperience.ro\/wp-content\/uploads\/2026\/01\/PKS009711.jpg 1024w, https:\/\/motorparkexperience.ro\/wp-content\/uploads\/2026\/01\/PKS009711-600x400.jpg 600w, https:\/\/motorparkexperience.ro\/wp-content\/uploads\/2026\/01\/PKS009711-300x200.jpg 300w, https:\/\/motorparkexperience.ro\/wp-content\/uploads\/2026\/01\/PKS009711-768x512.jpg 768w\" sizes=\"auto, (max-width: 1024px) 100vw, 1024px\" \/><\/figure>\n<\/div>\n\n\n\n<div class=\"wp-block-column is-layout-flow wp-block-column-is-layout-flow\">\n<figure class=\"wp-block-image size-full is-style-rounded is-style-rounded--3\"><img loading=\"lazy\" decoding=\"async\" width=\"1024\" height=\"682\" src=\"https:\/\/motorparkexperience.ro\/wp-content\/uploads\/2026\/01\/PKS059161.jpg\" alt=\"\" class=\"wp-image-357\" srcset=\"https:\/\/motorparkexperience.ro\/wp-content\/uploads\/2026\/01\/PKS059161.jpg 1024w, https:\/\/motorparkexperience.ro\/wp-content\/uploads\/2026\/01\/PKS059161-600x400.jpg 600w, https:\/\/motorparkexperience.ro\/wp-content\/uploads\/2026\/01\/PKS059161-300x200.jpg 300w, https:\/\/motorparkexperience.ro\/wp-content\/uploads\/2026\/01\/PKS059161-768x512.jpg 768w\" sizes=\"auto, (max-width: 1024px) 100vw, 1024px\" \/><\/figure>\n<\/div>\n<\/div>\n\n\n\n<p><\/p>","protected":false},"excerpt":{"rendered":"<p>Acces cu motocicleta personal\u0103 pe circuit Daca vrei sa intri pe circuit cu motocicleta personal\u0103, acest lucru este posibil \u00een anumite zile organizate de c\u0103tre noi, Track day moto &#8211; [&hellip;]<\/p>\n","protected":false},"author":1,"featured_media":0,"parent":189,"menu_order":1,"comment_status":"closed","ping_status":"closed","template":"","meta":{"_EventAllDay":false,"_EventTimezone":"","_EventStartDate":"","_EventEndDate":"","_EventStartDateUTC":"","_EventEndDateUTC":"","_EventShowMap":false,"_EventShowMapLink":false,"_EventURL":"","_EventCost":"","_EventCostDescription":"","_EventCurrencySymbol":"","_EventCurrencyCode":"","_EventCurrencyPosition":"","_EventDateTimeSeparator":"","_EventTimeRangeSeparator":"","_EventOrganizerID":[],"_EventVenueID":[],"_OrganizerEmail":"","_OrganizerPhone":"","_OrganizerWebsite":"","_VenueAddress":"","_VenueCity":"","_VenueCountry":"","_VenueProvince":"","_VenueState":"","_VenueZip":"","_VenuePhone":"","_VenueURL":"","_VenueStateProvince":"","_VenueLat":"","_VenueLng":"","_VenueShowMap":false,"_VenueShowMapLink":false,"footnotes":""},"class_list":["post-192","page","type-page","status-publish","hentry"],"_links":{"self":[{"href":"https:\/\/motorparkexperience.ro\/en\/wp-json\/wp\/v2\/pages\/192","targetHints":{"allow":["GET"]}}],"collection":[{"href":"https:\/\/motorparkexperience.ro\/en\/wp-json\/wp\/v2\/pages"}],"about":[{"href":"https:\/\/motorparkexperience.ro\/en\/wp-json\/wp\/v2\/types\/page"}],"author":[{"embeddable":true,"href":"https:\/\/motorparkexperience.ro\/en\/wp-json\/wp\/v2\/users\/1"}],"replies":[{"embeddable":true,"href":"https:\/\/motorparkexperience.ro\/en\/wp-json\/wp\/v2\/comments?post=192"}],"version-history":[{"count":15,"href":"https:\/\/motorparkexperience.ro\/en\/wp-json\/wp\/v2\/pages\/192\/revisions"}],"predecessor-version":[{"id":570,"href":"https:\/\/motorparkexperience.ro\/en\/wp-json\/wp\/v2\/pages\/192\/revisions\/570"}],"up":[{"embeddable":true,"href":"https:\/\/motorparkexperience.ro\/en\/wp-json\/wp\/v2\/pages\/189"}],"wp:attachment":[{"href":"https:\/\/motorparkexperience.ro\/en\/wp-json\/wp\/v2\/media?parent=192"}],"curies":[{"name":"wp","href":"https:\/\/api.w.org\/{rel}","templated":true}]}}