{"id":3,"date":"2023-11-22T15:08:49","date_gmt":"2023-11-22T15:08:49","guid":{"rendered":"https:\/\/motorparkexperience.ro\/?page_id=3"},"modified":"2026-02-08T10:07:46","modified_gmt":"2026-02-08T08:07:46","slug":"privacy-policy","status":"publish","type":"page","link":"https:\/\/motorparkexperience.ro\/en\/privacy-policy\/","title":{"rendered":"Confidentiality"},"content":{"rendered":"<h2 class=\"wp-block-heading\">Protectia datelor personale<\/h2>\n\n\n\n<p><strong>POLITICA DE PROTEC\u021aIE A DATELOR CU CARACTER PERSONAL MOTORPARK EXPERIENCE din data de 24.05.2018<\/strong><\/p>\n\n\n\n<p>MotorPark Experience trebuie s\u0103 colecteze \u0219i s\u0103 utilizeze anumite tipuri de informa\u021bii despre persoanele fizice sau utilizatorii de servicii cu care intr\u0103 \u00een contact pentru a-\u0219i putea realiza obiectul de activitate. Aceste informa\u021bii cu caracter personal trebuie s\u0103 fie colectate \u0219i tratate \u00een mod corespunz\u0103tor, fie c\u0103 sunt colectate pe h\u00e2rtie, stocate \u00eentr-o baz\u0103 de date informatic\u0103 sau \u00eenregistrate pe alt material \u0219i exist\u0103 garan\u021bii pentru a se asigura acest lucru \u00een conformitate cu Regulamentul UE nr. 679 din 27 aprilie 2016 privind protec\u0163ia persoanelor fizice \u00een ceea ce prive\u015fte prelucrarea datelor cu caracter personal \u015fi privind libera circula\u0163ie a acestor date.<\/p>\n\n\n\n<ol class=\"wp-block-list\">\n<li>Defini\u021bii<\/li>\n<\/ol>\n\n\n\n<p>MotorPark Experience prin Societatea Motorpark Race Services SRL, cu sediul social \u00een municipiul Bucure\u015fti, Str. Dr. Ottoi Calin, nr.26, sector 2, \u00eenregistrat\u0103 la Registrul Comer\u0163ului sub nr. J40\/7231\/2017, CUI 37597243, reprezentat\u0103 legal de administrator Dorin Colea, nu este operator, astfel cum acesta este definit de Regulamentul UE nr. 679\/ 27.04.2016<\/p>\n\n\n\n<ul class=\"wp-block-list\">\n<li>\u201cOperator\u201d \u00eenseamn\u0103 persoana fizic\u0103 sau juridic\u0103, autoritatea public\u0103, agen\u021bia sau alt organism care, singur sau \u00eempreun\u0103 cu altele, stabile\u0219te scopurile \u0219i mijloacele de prelucrare a datelor cu caracter personal; atunci c\u00e2nd scopurile \u0219i mijloacele prelucr\u0103rii sunt stabilite prin dreptul Uniunii sau dreptul intern, operatorul sau criteriile specifice pentru desemnarea acestuia pot fi prev\u0103zute \u00een dreptul Uniunii sau \u00een dreptul intern<\/li>\n\n\n\n<li>&#8222;Date Personale&#8221; sau &#8222;Date cu Caracter Personal&#8221; \u00eenseamn\u0103 orice informa\u021bii referitoare la o persoana fizic\u0103 identificata sau identificabil\u0103; o persoan\u0103 identificabil\u0103 este acea persoan\u0103 care poate fi identificat\u0103, direct sau indirect, \u00een mod particular prin referire la un num\u0103r de identificare ori la unul sau la mai mul\u021bi factori specifici identit\u0103\u021bii sale fizice, fiziologice, psihice, economice, culturale sau sociale.<\/li>\n\n\n\n<li>\u201ePrelucrare\u201d \u00eenseamn\u0103 orice opera\u021biune sau set de opera\u021biuni efectuate asupra datelor cu caracter personal sau asupra seturilor de date cu caracter personal, cu sau f\u0103r\u0103 utilizarea de mijloace automatizate, cum ar fi colectarea, \u00eenregistrarea, organizarea, structurarea, stocarea, adaptarea sau modificarea, extragerea, consultarea, utilizarea, divulgarea prin transmitere, diseminarea sau punerea la dispozi\u021bie \u00een orice alt mod, alinierea sau combinarea, restric\u021bionarea, \u0219tergerea sau distrugerea;<\/li>\n\n\n\n<li>\u201dPersoan\u0103 \u00eemputernicit\u0103 de operator\u201d \u00eenseamn\u0103 persoana fizic\u0103 sau juridic\u0103, autoritatea public\u0103, agen\u021bia sau alt organism care prelucreaz\u0103 datele cu caracter personal \u00een numele operatorului<\/li>\n\n\n\n<li>\u201eConsim\u021b\u0103m\u00e2nt\u201d al persoanei vizate \u00eenseamn\u0103 orice manifestare de voin\u021b\u0103 liber\u0103, specific\u0103, informat\u0103 \u0219i lipsit\u0103 de ambiguitate a persoanei vizate prin care aceasta accept\u0103, printr-o declara\u021bie sau printr-o ac\u021biune f\u0103r\u0103 echivoc, ca datele cu caracter personal care o privesc s\u0103 fie prelucrate;<\/li>\n\n\n\n<li>Persoana vizat\u0103 \u00een cadrul acestei politici de protec\u021bie a datelor este orice persoan\u0103 fizic\u0103 a c\u0103rei date pot fi prelucrate.<\/li>\n\n\n\n<li>Datele extrem de sensibile sunt date despre originea rasial\u0103 \u0219i etnic\u0103, despre opiniile politice, religioase sau credin\u021bele filosofice, calitatea de membru al unor organiza\u021bii, date privind cazierul judiciar sau s\u0103n\u0103tatea \u0219i orientarea sexual\u0103 a persoanei vizate.<\/li>\n\n\n\n<li>\u021a\u0103rile ter\u021be \u00een cadrul politicii de protec\u021bie a datelor personale sunt toate na\u021biunile din afara Uniunii Europene \/SEE. Aceasta nu include \u021b\u0103rile cu un nivel de protec\u021bie a datelor considerat suficient de Comisia European\u0103.<\/li>\n\n\n\n<li>P\u0103r\u021bile ter\u021be sunt oricine \u00een afar\u0103 de persoana vizat\u0103 \u0219i de operatorul de date.<\/li>\n\n\n\n<li>Transmiterea este o divulgare a datelor personale protejate de c\u0103tre entitatea responsabil\u0103 c\u0103tre ter\u021bi.<\/li>\n\n\n\n<li>Responsabilul cu protec\u021bia datelor personale (DPO) este persoana desemnat\u0103 de c\u0103tre operator pentru urm\u0103rirea respect\u0103rii prelucr\u0103rilor de date cu caracter personal.<\/li>\n<\/ul>\n\n\n\n<p>2. Date personale colectate<\/p>\n\n\n\n<ol class=\"wp-block-list\"><\/ol>\n\n\n\n<p>MotorPark Experience colecteaz\u0103, stocheaz\u0103 \u0219i utilizeaz\u0103 urm\u0103toarele tipuri de date personale:<\/p>\n\n\n\n<ul class=\"wp-block-list\">\n<li>numele \u0219i datele de contact (num\u0103rul de telefon, adresa de e-mail, adresa) al\u0103turi de minime date de geolocalizare (jude\u021bul \u00een care locui\u021bi sau dac\u0103 locui\u021bi \u00eenafara \u021b\u0103rii).<\/li>\n\n\n\n<li>orice alte informa\u021bii comunicate nou\u0103, doar dac\u0103 este relevant \u0219i doar dac\u0103 este necesar.<\/li>\n<\/ul>\n\n\n\n<p>3. Scopul prezentei politici de protec\u021bie a datelor \u0219i reglementarea legal\u0103<\/p>\n\n\n\n<ol class=\"wp-block-list\"><\/ol>\n\n\n\n<p>Prezenta politic\u0103 de protec\u021bie a datelor a fost creat\u0103 cu scopul de a asigura respectarea de c\u0103tre MotorPark Experience a tuturor legilor na\u021bionale si interna\u021bionale aplicabile, privind protec\u021bia datelor. Regulile \u0219i principiile de lucru expuse \u00een cele ce urmeaz\u0103 se aplic\u0103 \u00een cadrul societ\u0103\u021bii \u0219i reprezint\u0103 fundamentul stabilirii unor rela\u021bii \u00een afaceri de \u00eencredere. Politica de protec\u021bie a datelor prevede condi\u021biile-cadru necesare asigur\u0103rii nivelului adecvat de protec\u021bie a datelor prev\u0103zut de Regulamentul nr. 679\/27.04.2016 privind protec\u0163ia persoanelor fizice \u00een ceea ce prive\u015fte prelucrarea datelor cu caracter personal \u015fi privind libera circula\u0163ie a acestor date.<\/p>\n\n\n\n<p>4. Domeniul de aplicare \u0219i modificarea politicii<\/p>\n\n\n\n<ol class=\"wp-block-list\"><\/ol>\n\n\n\n<p>Aceast\u0103 politic\u0103 de protec\u021bie a datelor personale este conceput\u0103 pentru a fi respectat\u0103 de c\u0103tre societate \u0219i de c\u0103tre to\u021bi angaja\u021bii acesteia, fiind aplicabil\u0103 tuturor prelucr\u0103rilor de date cu caracter personal care au loc \u00een cadrul activit\u0103\u021bii societ\u0103\u021bii. Politica va putea fi revizuita ori de c\u00e2te ori apare aceast\u0103 necesitate, urm\u00e2nd ca noua versiune s\u0103 fie f\u0103cut\u0103 public\u0103, at\u00e2t angaja\u021bilor cat si clien\u021bilor, colaboratorilor \u0219i partenerilor no\u0219tri de afaceri.<\/p>\n\n\n\n<p>5. Corectitudinea \u0219i legalitatea<\/p>\n\n\n\n<ol class=\"wp-block-list\"><\/ol>\n\n\n\n<p>MotorPark Experience protejeaz\u0103 drepturile persoanelor vizate la fiecare prelucrare a datelor cu caracter personal. Datele cu caracter personal sunt colectate \u0219i prelucrate cu bun\u0103 credin\u021b\u0103, \u00een mod legal, \u00een conformitate cu dispozi\u021biile legale aplicabile, inclusiv \u00een conformitate cu Regulamentul nr. 679\/27.04.2016, \u00een mod echitabil \u0219i transparent fa\u021b\u0103 de persoana vizat\u0103.<\/p>\n\n\n\n<p>6. Restric\u021biile prelucr\u0103rii<\/p>\n\n\n\n<ol class=\"wp-block-list\"><\/ol>\n\n\n\n<p>Orice prelucrare de date cu caracter personal se face \u00een scopuri bine determinate, explicite \u015fi legitime, adecvate, relevante \u015fi limitate la ceea ce este necesar, raportat la scopurile \u00een care sunt colectate \u015fi ulterior prelucrate. Datele personale sunt prelucrate numai \u00een scopul definit \u00eenainte de colectarea datelor si comunicat persoanelor vizate. MotorPark Experience colecteaz\u0103 \u0219i prelucreaz\u0103 datele cu caracter personal ale clien\u021bilor, partenerilor de afaceri sau ale angaja\u021bilor, dup\u0103 caz:<\/p>\n\n\n\n<ul class=\"wp-block-list\">\n<li>Pentru a permite persoanelor vizate s\u0103 utilizeze serviciile noastre.<\/li>\n\n\n\n<li>Pentru executarea contractelor.<\/li>\n\n\n\n<li>Pentru \u00eendeplinirea obliga\u021biilor legale rezultate din contracte.<\/li>\n\n\n\n<li>Pentru accesul pe circuit.<\/li>\n\n\n\n<li>Pentru \u00eenregistrarea timpilor cu ajutorul transponderelor.<\/li>\n\n\n\n<li>Pentru afi\u0219area pe ecranele de la circuit \u0219i pe internet a rezultatelor ob\u021binute pe circuit \u00een urma folosirii transponderelor<\/li>\n\n\n\n<li>Pentru a v\u0103 oferi informa\u021biile solicitate.<\/li>\n\n\n\n<li>Pentru a ne ocupa de \u00eentreb\u0103ri\/reclama\u021bii\/sesiz\u0103ri realizate de c\u0103tre dvs.\u00een leg\u0103tur\u0103 cu comenzile\/rezerv\u0103rile operate.<\/li>\n\n\n\n<li>Pentru a gestiona pl\u0103\u021bile efectuate.<\/li>\n\n\n\n<li>Pentru \u00eencheierea, executarea, \u00eencetarea \u0219i recuperarea crean\u021belor referitoare la alte tipuri de contracte pe care societatea le \u00eencheie \u00een cadrul desf\u0103\u0219ur\u0103rii activit\u0103\u021bii sale.<\/li>\n\n\n\n<li>Pentru a r\u0103spunde solicit\u0103rilor instan\u021belor de judecat\u0103 \u0219i a altor autorit\u0103\u021bi publice cu atribu\u021bii de investigare.<\/li>\n\n\n\n<li>Pentru efectuarea de audituri sau administrarea conturilor noastre, cu respectarea prevederilor legale aplicabile<\/li>\n\n\n\n<li>In alte scopuri legitime: \u00een scop publicitar, de marketing; pentru a oferi informa\u021bii \u0219i servicii mult mai bine definite nevoilor de consum ale clien\u021bilor no\u0219tri. Datele vor fi p\u0103strate \u00een vederea cre\u0103rii unei baze de date pentru realizarea de rapoarte statistice, informarea despre evenimentele organizate pe MotorPark Experience sau despre orice alte promo\u021bii sau activit\u0103\u021bi desf\u0103\u0219urate prin orice mijloace de comunicare (po\u0219t\u0103, e-mail, telefon, SMS, etc.) Datele personale nu vor fi divulgate c\u0103tre ter\u021bi, prin v\u00e2nzare sau dezv\u0103luire. Singurele excep\u021bii de la aceast\u0103 regul\u0103 le constituie comunicarea datelor la solicitarea autorit\u0103\u021bilor publice sau a altor persoane juridice, atunci c\u00e2nd dreptul acestora de a solicita \u0219i ob\u021bine astfel de date este reglementat \u00een mod legal, \u00een sarcina subscrisei afl\u00e2ndu-se o obliga\u021bie stabilit\u0103 printr-o dispozi\u021bie legal\u0103 de a comunica datele cu caracter personal solicitate.<\/li>\n<\/ul>\n\n\n\n<p>7. Transparen\u021b\u0103<\/p>\n\n\n\n<ol class=\"wp-block-list\"><\/ol>\n\n\n\n<p>Persoanele vizate sunt informate \u00een mod explicit prin mijloace online, cu privire la faptul c\u0103 li se vor prelucra date cu caracter personal, scopul prelucr\u0103rii, modalit\u0103\u021bile prelucr\u0103rii \u0219i drepturile pe care le au \u00een raport cu colectarea, prelucrarea \u0219i stocarea acestor date. \u00cen general, datele cu caracter personal trebuie colectate direct de la persoana \u00een cauz\u0103. Atunci c\u00e2nd datele sunt colectate, persoana vizat\u0103 \u0219tie deja sau este fie informat\u0103 despre:<\/p>\n\n\n\n<ul class=\"wp-block-list\">\n<li>Identitatea controlorului de date (compania care colecteaz\u0103 datele)<\/li>\n\n\n\n<li>Scopul prelucr\u0103rii datelor<\/li>\n<\/ul>\n\n\n\n<p>8. Protejarea persoanelor vizate<\/p>\n\n\n\n<ol class=\"wp-block-list\"><\/ol>\n\n\n\n<p>Persoanele vizate au garantat dreptul de informare \u015fi de acces la datele care sunt prelucrate, dreptul de rectificare, dreptul de restric\u0163ionare \u015fi dreptul de \u015ftergere a datelor, dreptul de portabilitate a datelor \u015fi dreptul de a nu fi supuse unei decizii individuale de prelucrare a datelor personale. Totodat\u0103, persoana vizat\u0103 are dreptul de a se adresa Autorit\u0103\u0163ii Na\u0163ionale de Supraveghere a Prelucr\u0103rii Datelor cu Caracter Personal sau instan\u0163ei de judecat\u0103 pentru ap\u0103rarea oric\u0103ror drepturi ocrotite de lege, care le-au fost \u00eenc\u0103lcate;<\/p>\n\n\n\n<p>9. Protejarea minorilor:<\/p>\n\n\n\n<ol class=\"wp-block-list\"><\/ol>\n\n\n\n<p>Minorii care au \u00eemplinit v\u00e2rsta de 16 ani pot achizi\u0163iona \u00een nume propriu produse sau servicii \u015fi pot solicita, respectiv primi comunic\u0103ri de la MotorPark Experience, numai cu acordul reprezentantului legal, conform legii. Orice prelucrare de date cu caracter personal ale minorilor se va realiza numai \u00een condi\u0163iile legii. Nu proces\u0103m cu bun\u0103 \u0219tiin\u021b\u0103 datele niciunei persoane sub 18 ani f\u0103r\u0103 acordul reprezentantului legal.<\/p>\n\n\n\n<p>10. Reducerea colect\u0103rii datelor \u0219i minimizarea prelucr\u0103rii datelor<\/p>\n\n\n\n<ol class=\"wp-block-list\"><\/ol>\n\n\n\n<p>\u00cenainte de a colecta \u0219i procesa date personale, MotorPark Experience determin\u0103 dac\u0103 \u0219i \u00een ce m\u0103sur\u0103 prelucrarea datelor cu caracter personal este necesar\u0103 pentru atingerea scopului\/scopurilor pentru care este efectuat\u0103.<\/p>\n\n\n\n<p>11. \u0218tergerea<\/p>\n\n\n\n<ol class=\"wp-block-list\"><\/ol>\n\n\n\n<p>Datele personale care nu mai sunt necesare dup\u0103 \u00eendeplinirea scopului pentru care au fost colectate \u0219i procesate trebuie \u0219terse. Pot exista situa\u021bii \u00een care interesele sau obliga\u021biile impuse de dispozi\u021biile legale oblig\u0103 la p\u0103strarea acestor date pe termene predefinite. \u00cen acest caz, datele vor fi p\u0103strate \u00een condi\u021bii de maxim\u0103 siguran\u021b\u0103, p\u00e2n\u0103 la expirarea obliga\u021biilor legale.<\/p>\n\n\n\n<p>12. Scopurile colect\u0103rii \u0219i prelucr\u0103rii datelor cu caracter personal:<\/p>\n\n\n\n<ol class=\"wp-block-list\"><\/ol>\n\n\n\n<p>MotorPark Experience colecteaz\u0103, prelucreaz\u0103 \u0219i utilizeaz\u0103 datele cu caracter personal privind clien\u021bii, partenerii \u0219i angaja\u021bii, conform Regulamentului UE nr. nr. 679\/27.04.2016, \u00een baza urm\u0103toarelor temeiuri juridice:<\/p>\n\n\n\n<p>Clien\u021bii \u0219i partenerii<\/p>\n\n\n\n<ul class=\"wp-block-list\">\n<li>Prelucrarea datelor pentru stabilirea \u0219i desf\u0103\u0219urarea unei rela\u021bii contractuale Datele personale ale poten\u021bialilor clien\u021bi, clien\u021bi existen\u021bi \u0219i parteneri pot fi procesate \u00een scopul de a \u00eencheia, de a executa \u0219i de a finaliza un contract. Anterior \u00eencheierii unui contract, \u00een timpul fazei de ini\u021biere a acestuia &#8211; datele cu caracter personal pot fi procesate pentru a preg\u0103ti oferte sau alte documente care s\u0103 \u00eendeplineasc\u0103 diferite solicit\u0103ri ale perspectivei legate de \u00eencheierea contractului. Persoanele pot fi contactate \u00een timpul procesului de preg\u0103tire a contractului folosind informa\u021biile personale pe care acestea le-au furnizat. Orice restric\u021bii solicitate de poten\u021bialii clien\u021bi vor fi respectate.<\/li>\n\n\n\n<li>Prelucrarea datelor \u00een scop publicitar<\/li>\n<\/ul>\n\n\n\n<p>MotorPark Experience prelucreaz\u0103 datele cu caracter personal \u00een scop publicitar, de cercetare a pie\u021bei \u0219i a opiniei publice, pe baza op\u021biunii exprese\/ consim\u021b\u0103m\u00e2ntului expres al persoanelor vizate de a primi newsletter \u0219i materiale publicitare.<\/p>\n\n\n\n<p>13. Consim\u021b\u0103m\u00e2ntul pentru prelucrarea datelor<\/p>\n\n\n\n<ol class=\"wp-block-list\"><\/ol>\n\n\n\n<p>MotorPark Experience colecteaz\u0103, prelucreaz\u0103 \u0219i stocheaz\u0103 datele cu caracter personal conform consim\u021b\u0103m\u00e2ntului persoanei vizate. Persoana vizat\u0103 va fi invitat\u0103 s\u0103 \u00ee\u0219i exprime consim\u021b\u0103m\u00e2ntul \u00een baza inform\u0103rii sale cu privire la existen\u021ba \u0219i con\u021binutul prezentei Politici de protec\u021bie a datelor. Consim\u021b\u0103m\u00e2ntul persoanei vizate va putea fi ob\u021binut: a) \u00een scris; b) \u00een format electronic; c) verbal, prin intermediul unei conversa\u021bii telefonice.<\/p>\n\n\n\n<p>14. Prelucrarea datelor \u00een baza unui interes legitim<\/p>\n\n\n\n<ol class=\"wp-block-list\"><\/ol>\n\n\n\n<p>MotorPark Experience va prelucra, de asemenea, datele personale \u00een baza unui interes legitim. Interesele legitime vor fi, \u00een principiu, de natur\u0103 juridic\u0103 \u0219i vor ap\u0103rea \u00een circumstan\u021be legate de exemplu, de:<\/p>\n\n\n\n<ul class=\"wp-block-list\">\n<li>Colectarea crean\u021belor neachitate;<\/li>\n\n\n\n<li>Executarea contractelor, m\u0103suri \u00een cazul \u00eenc\u0103lc\u0103rii acestora;<\/li>\n\n\n\n<li>R\u0103spunsul la solicit\u0103rile autorit\u0103\u021bilor publice, instan\u021belor judec\u0103tore\u0219ti, organelor de poli\u021bie;<\/li>\n\n\n\n<li>Alte asemenea situa\u021bii.<\/li>\n<\/ul>\n\n\n\n<p>Dac\u0103 vor putea fi identificate dovezi c\u0103 interesele persoanei vizate necesit\u0103 protec\u021bie \u0219i c\u0103 aceast\u0103 protec\u021bie are prioritate, \u00een aceast\u0103 situa\u021bie de excep\u021bie, datele personale nu vor putea fi procesate \u00een scopul unui interes legitim.<\/p>\n\n\n\n<p>15. Prelucrarea datelor sensibile<\/p>\n\n\n\n<ol class=\"wp-block-list\"><\/ol>\n\n\n\n<p>MotorPark Experience nu colecteaz\u0103 \u0219i nu prelucreaz\u0103 date privind CNP-ul, date care dezv\u0103luie originea rasial\u0103 sau etnic\u0103, opiniile politice, confesiunea religioas\u0103 sau convingerile filozofice sau apartenen\u021ba la sindicate \u0219i nici date genetice, date biometrice pentru identificarea unic\u0103 a unei persoane fizice, date privind s\u0103n\u0103tatea sau date privind via\u021ba sexual\u0103 sau orientarea sexual\u0103 ale unei persoane fizice. <\/p>\n\n\n\n<p>16. Date utilizatori \u0219i internet; decizii individuale automate<\/p>\n\n\n\n<ol class=\"wp-block-list\"><\/ol>\n\n\n\n<p>Date personale: Ca principiu de baz\u0103, utilizatorul poate vizita site-ul MotorPark Experience f\u0103r\u0103 a fi colectate detalii personale. Cu toate acestea, la cump\u0103rarea\/ rezervarea unui produs\/ serviciu, utilizatorul trebuie s\u0103 furnizeze datele personale solicitate \u00een vederea \u00eencheierii solicitarii<\/p>\n\n\n\n<p>17. Plug-in-uri sociale \u0219i platforme sociale<\/p>\n\n\n\n<ol class=\"wp-block-list\"><\/ol>\n\n\n\n<p>Plug-in-urile sociale pentru re\u021beaua social\u0103 facebook.com sunt g\u0103zduite \u00een platforma MotorPark Experience. Operatorul re\u021belei este Facebook Inc., 1601 S. California Ave, Palo Alto, CA 94304, SUA (denumit \u00een continuare &#8222;Facebook&#8221;). Atunci c\u00e2nd se acceseaz\u0103 o pagin\u0103 MotorPark Experience care con\u021bine un plug-in social (de ex. Butonul &#8222;Partajare&#8221;), browserul utilizatorului se conecteaz\u0103 la serverele Facebook \u0219i se descarc\u0103 con\u021binutul necesar pentru plug-in-urile sociale. Facebook prime\u0219te adresa web a MotorPark Experience accesat\u0103 de Utilizator, data \u0219i ora de acces \u0219i adresa IP a Utilizatorului. Dac\u0103 utilizatorul este conectat la Facebook, Facebook este capabil s\u0103 coreleze vizita la pagina respectiv\u0103 cu contul de utilizator al utilizatorului Facebook. Dac\u0103 utilizatorul d\u0103 clic pe butonul &#8222;Trimite\u021bi&#8221; pe pagina MotorPark Experience, aceste informa\u021bii sunt, de asemenea, transferate pe Facebook \u0219i stocate acolo. MotorPark Experience nu are nicio influen\u021b\u0103 asupra con\u021binutului plug-in-urilor sau asupra informa\u021biilor transferate pe Facebook. Scopul \u0219i domeniul de aplicare a colect\u0103rii datelor, prelucrarea \u0219i utilizarea ulterioar\u0103 a datelor de c\u0103tre Facebook \u0219i drepturile utilizatorului \u0219i op\u021biunile de setare pentru a proteja sfera privat\u0103 a utilizatorului pot fi g\u0103site \u00een politica de confiden\u021bialitate Facebook<\/p>\n\n\n\n<p>18. Google Analytics<\/p>\n\n\n\n<ol class=\"wp-block-list\"><\/ol>\n\n\n\n<p>Situl web www.motorparkexperience.ro utilizeaz\u0103 Google Analytics, un serviciu de analiz\u0103 web furnizat de Google Inc. (&#8222;Google&#8221;). Google Analytics utilizeaz\u0103 cookie-urile, care sunt fi\u0219iere text stocate pe computerul utilizatorului \u0219i care permit analizarea utiliz\u0103rii site-ului de c\u0103tre utilizator. Informa\u021biile generate de cookie despre utilizarea acestui site web sunt, \u00een general, transmise unui server Google din SUA \u0219i stocate acolo. Cu toate acestea, datorit\u0103 activ\u0103rii IP-ului anonim pe site-ul nostru web, adresa IP a utilizatorului Google va fi redus\u0103 \u00een prealabil de Google \u00een statele membre ale Uniunii Europene sau \u00een alte state contractante la Acordul privind Spa\u021biul Economic European. Numai \u00een cazuri excep\u021bionale este adresa IP complet\u0103 transmis\u0103 unui server Google din SUA, unde este apoi scurtat\u0103. \u00cen numele MotorPark Experience, Google va utiliza aceste informa\u021bii pentru a evalua utilizarea site-ului web, pentru a compila rapoarte despre activitatea pe site \u0219i pentru a oferi alte servicii referitoare la utilizarea site-ului web \u0219i a Internetului. Adresa IP transmis\u0103 din browserul utilizatorului \u00een leg\u0103tur\u0103 cu Google Analytics nu va fi combinat\u0103 cu alte date Google. Utilizatorul poate preveni stocarea cookie-urilor prin aplicarea set\u0103rilor relevante \u00een software-ul browserului; \u00een acest caz, este posibil s\u0103 nu pute\u021bi utiliza \u00een \u00eentregime toate func\u021biile acestui site web. Utilizatorul poate, de asemenea, s\u0103 \u00eempiedice transmiterea c\u0103tre Google a datelor generate de cookie \u0219i legate de utilizarea site-ului web (inclusiv adresa IP) \u0219i prelucrarea acestor date de c\u0103tre Google, prin instalarea plug-inului de browser .<\/p>\n\n\n\n<ul class=\"wp-block-list\">\n<li>Date despre loca\u021bie \u00cen cazul \u00een care utilizatorul \u0219i-a dat consim\u021b\u0103m\u00e2ntul, datele despre loca\u021bie sunt colectate \u0219i utilizate, inclusiv loca\u021bia geografic\u0103 a utilizatorului \u00een timp real, pentru a putea oferi servicii bazate pe loca\u021bie. Datele despre nodurile de acces radio din apropiere \u0219i adresa IP a computerului utilizatorului sunt achizi\u021bionate \u00een acest scop \u0219i trimise furnizorului standard de servicii de localizare, astfel \u00eenc\u00e2t s\u0103 se poat\u0103 identifica loca\u021bia aproximativ\u0103 a utilizatorului.<\/li>\n<\/ul>\n\n\n\n<p><\/p>\n\n\n\n<p>\u00cen rezolvarea pl\u00e2ngerilor sau remedierea unei \u00eenc\u0103lc\u0103ri a politicii pentru protec\u021bia datelor, MotorPark Experience va putea solicita sprijinul ANSPDCP.<\/p>","protected":false},"excerpt":{"rendered":"<p>Protectia datelor personale POLITICA DE PROTEC\u021aIE A DATELOR CU CARACTER PERSONAL MOTORPARK EXPERIENCE din data de 24.05.2018 MotorPark Experience trebuie s\u0103 colecteze \u0219i s\u0103 utilizeze anumite tipuri de informa\u021bii despre [&hellip;]<\/p>\n","protected":false},"author":1,"featured_media":0,"parent":0,"menu_order":0,"comment_status":"closed","ping_status":"closed","template":"","meta":{"_EventAllDay":false,"_EventTimezone":"","_EventStartDate":"","_EventEndDate":"","_EventStartDateUTC":"","_EventEndDateUTC":"","_EventShowMap":false,"_EventShowMapLink":false,"_EventURL":"","_EventCost":"","_EventCostDescription":"","_EventCurrencySymbol":"","_EventCurrencyCode":"","_EventCurrencyPosition":"","_EventDateTimeSeparator":"","_EventTimeRangeSeparator":"","_EventOrganizerID":[],"_EventVenueID":[],"_OrganizerEmail":"","_OrganizerPhone":"","_OrganizerWebsite":"","_VenueAddress":"","_VenueCity":"","_VenueCountry":"","_VenueProvince":"","_VenueState":"","_VenueZip":"","_VenuePhone":"","_VenueURL":"","_VenueStateProvince":"","_VenueLat":"","_VenueLng":"","_VenueShowMap":false,"_VenueShowMapLink":false,"footnotes":""},"class_list":["post-3","page","type-page","status-publish","hentry"],"_links":{"self":[{"href":"https:\/\/motorparkexperience.ro\/en\/wp-json\/wp\/v2\/pages\/3","targetHints":{"allow":["GET"]}}],"collection":[{"href":"https:\/\/motorparkexperience.ro\/en\/wp-json\/wp\/v2\/pages"}],"about":[{"href":"https:\/\/motorparkexperience.ro\/en\/wp-json\/wp\/v2\/types\/page"}],"author":[{"embeddable":true,"href":"https:\/\/motorparkexperience.ro\/en\/wp-json\/wp\/v2\/users\/1"}],"replies":[{"embeddable":true,"href":"https:\/\/motorparkexperience.ro\/en\/wp-json\/wp\/v2\/comments?post=3"}],"version-history":[{"count":2,"href":"https:\/\/motorparkexperience.ro\/en\/wp-json\/wp\/v2\/pages\/3\/revisions"}],"predecessor-version":[{"id":617,"href":"https:\/\/motorparkexperience.ro\/en\/wp-json\/wp\/v2\/pages\/3\/revisions\/617"}],"wp:attachment":[{"href":"https:\/\/motorparkexperience.ro\/en\/wp-json\/wp\/v2\/media?parent=3"}],"curies":[{"name":"wp","href":"https:\/\/api.w.org\/{rel}","templated":true}]}}