{"id":477,"date":"2026-02-05T15:41:50","date_gmt":"2026-02-05T13:41:50","guid":{"rendered":"https:\/\/motorparkexperience.ro\/?page_id=477"},"modified":"2026-02-05T15:43:11","modified_gmt":"2026-02-05T13:43:11","slug":"semnificatie-steaguri","status":"publish","type":"page","link":"https:\/\/motorparkexperience.ro\/en\/informatii\/semnificatie-steaguri\/","title":{"rendered":"Flags Meaning"},"content":{"rendered":"<hr class=\"wp-block-separator has-alpha-channel-opacity\"\/>\n\n\n\n<p>La evenimentele de tip &#8222;track day&#8221; po\u021bi \u00eent\u00e2lni steagurile enumerate mai jos. Acestea sunt doar o parte dintre steagurile folosite pe un circuit la competi\u021bii sau la curse restul nefiind necesare la acest tip de evenimente.<\/p>\n\n\n\n<p>Este bine sa \u00eenve\u021bi aceste steaguri \u00eentruc\u00e2t, cu siguran\u021b\u0103, te vei \u00eent\u00e2lni cu ele pe circuit.<\/p>\n\n\n\n<p>Semnalizarea pe circuit poate fi facut\u0103 prin steaguri sau lumini (arbitri electronici). Culorile  afi\u0219ate \u00eenseamn\u0103 acela\u0219i lucru.<\/p>\n\n\n\n<hr class=\"wp-block-separator has-alpha-channel-opacity\"\/>\n\n\n\n<div style=\"height:30px\" aria-hidden=\"true\" class=\"wp-block-spacer\"><\/div>\n\n\n\n<div class=\"wp-block-columns is-layout-flex wp-container-core-columns-is-layout-28f84493 wp-block-columns-is-layout-flex\">\n<div class=\"wp-block-column is-layout-flow wp-block-column-is-layout-flow\" style=\"flex-basis:33.33%\">\n<p><img decoding=\"async\" src=\"http:\/\/www.motorparkromania.ro\/img\/sgalben.jpg\" alt=\"Steag galben\"><\/p>\n<\/div>\n\n\n\n<div class=\"wp-block-column is-layout-flow wp-block-column-is-layout-flow\" style=\"flex-basis:66.66%\">\n<p><strong>Steag galben<\/strong><\/p>\n\n\n\n<p>Semnalizeaz\u0103 un pericol pe pist\u0103. Este ar\u0103tat \u00eenainte de sec\u021biunea \u00een cauz\u0103. Este INTERZIS\u0102 DEP\u0102\u0218IREA pe segmentul pe care s-a ar\u0103tat steagul galben. Pe acest segment participan\u021bii trebuie s\u0103 fie preg\u0103ti\u021bi s\u0103 \u00eencetineasc\u0103 \u0219i, \u00een caz de necesitate, chiar s\u0103 opreasc\u0103. Este posibil\u0103 existen\u021ba unui obstacol, a unui participant oprit sau care merge foarte \u00eencet, etc.<\/p>\n<\/div>\n<\/div>\n\n\n\n<hr class=\"wp-block-separator has-alpha-channel-opacity\"\/>\n\n\n\n<div style=\"height:30px\" aria-hidden=\"true\" class=\"wp-block-spacer\"><\/div>\n\n\n\n<div class=\"wp-block-columns is-layout-flex wp-container-core-columns-is-layout-28f84493 wp-block-columns-is-layout-flex\">\n<div class=\"wp-block-column is-layout-flow wp-block-column-is-layout-flow\" style=\"flex-basis:33.33%\">\n<p><img decoding=\"async\" src=\"http:\/\/www.motorparkromania.ro\/img\/srosu.jpg\" alt=\"Steag rosu\"><\/p>\n<\/div>\n\n\n\n<div class=\"wp-block-column is-layout-flow wp-block-column-is-layout-flow\" style=\"flex-basis:66.66%\">\n<p><strong>Steag ro\u0219u<\/strong> <\/p>\n\n\n\n<p>\u00centreruperea cursei sau a sesiunii. Participan\u021bii trebuie s\u0103 reduc\u0103 viteza \u0219i s\u0103 revin\u0103 la boxe. <\/p>\n\n\n\n<p>Este INTERZIS\u0102 CONTINUAREA CURSEI\/ SESIUNII.<\/p>\n<\/div>\n<\/div>\n\n\n\n<hr class=\"wp-block-separator has-alpha-channel-opacity\"\/>\n\n\n\n<div style=\"height:30px\" aria-hidden=\"true\" class=\"wp-block-spacer\"><\/div>\n\n\n\n<div class=\"wp-block-columns is-layout-flex wp-container-core-columns-is-layout-28f84493 wp-block-columns-is-layout-flex\">\n<div class=\"wp-block-column is-layout-flow wp-block-column-is-layout-flow\" style=\"flex-basis:33.33%\">\n<p><img decoding=\"async\" src=\"http:\/\/www.motorparkromania.ro\/img\/sdungi.jpg\" alt=\"Steag dungi rosu-galben\"><\/p>\n<\/div>\n\n\n\n<div class=\"wp-block-column is-layout-flow wp-block-column-is-layout-flow\" style=\"flex-basis:66.66%\">\n<p><strong>Steag cu dungi verticale galbene \u0219i ro\u0219ii<\/strong><\/p>\n\n\n\n<p>\u00cen zona respectiv\u0103 aderen\u021ba suprafe\u021bei de rulare a fost afectat\u0103 de ulei, ap\u0103, pietri\u0219 sau alte materiale. Participan\u021bii trebuie s\u0103 ruleze cu aten\u021bie.<\/p>\n\n\n\n<hr class=\"wp-block-separator has-alpha-channel-opacity\"\/>\n<\/div>\n<\/div>\n\n\n\n<div style=\"height:30px\" aria-hidden=\"true\" class=\"wp-block-spacer\"><\/div>\n\n\n\n<div class=\"wp-block-columns is-layout-flex wp-container-core-columns-is-layout-28f84493 wp-block-columns-is-layout-flex\">\n<div class=\"wp-block-column is-layout-flow wp-block-column-is-layout-flow\" style=\"flex-basis:33.33%\">\n<figure class=\"wp-block-image\"><img decoding=\"async\" src=\"http:\/\/www.motorparkromania.ro\/img\/sverde.jpg\" alt=\"Steag verde\"\/><\/figure>\n<\/div>\n\n\n\n<div class=\"wp-block-column is-layout-flow wp-block-column-is-layout-flow\" style=\"flex-basis:66.66%\">\n<p><strong>Steag verde<\/strong><\/p>\n\n\n\n<p>Pista este liber\u0103. Se utilizeaz\u0103, de exemplu, dup\u0103 o sec\u021biune semnalizat\u0103 cu steag galben sau steag cu dungi verticale galbene \u0219i ro\u0219ii. De la trecerea prin dreptul acestui steag \u00ee\u021bi po\u021bi relua antrenamentul\/ cursa, pista fiind liber\u0103 de obstacole din acest punct.<\/p>\n<\/div>\n<\/div>\n\n\n\n<hr class=\"wp-block-separator has-alpha-channel-opacity\"\/>\n\n\n\n<div style=\"height:30px\" aria-hidden=\"true\" class=\"wp-block-spacer\"><\/div>\n\n\n\n<div class=\"wp-block-columns is-layout-flex wp-container-core-columns-is-layout-28f84493 wp-block-columns-is-layout-flex\">\n<div class=\"wp-block-column is-layout-flow wp-block-column-is-layout-flow\" style=\"flex-basis:33.33%\">\n<p><img decoding=\"async\" src=\"http:\/\/www.motorparkromania.ro\/img\/ssah.jpg\" alt=\"Steag sah\"><\/p>\n<\/div>\n\n\n\n<div class=\"wp-block-column is-layout-flow wp-block-column-is-layout-flow\" style=\"flex-basis:66.66%\">\n<p><strong>Steag \u0219ah\/ de finish<\/strong><\/p>\n\n\n\n<p>Semnalizeaz\u0103 sf\u00e2r\u0219itul cursei\/ sesiunii. Acest steag poate fi ar\u0103tat at\u00e2t la sf\u0103r\u0219itul sesiunii c\u00e2t \u0219i \u00een timpul acesteia c\u00e2nd se dore\u0219te eliberarea pistei de c\u0103tre organizator, dar nu este o urgen\u021b\u0103. La vederea acestui steag, participantul va intra \u00een turul de r\u0103cire \u0219i va reveni \u00een pit la \u00eencheierea sa.<\/p>\n<\/div>\n<\/div>\n\n\n\n<hr class=\"wp-block-separator has-alpha-channel-opacity\"\/>\n\n\n\n<div style=\"height:30px\" aria-hidden=\"true\" class=\"wp-block-spacer\"><\/div>\n\n\n\n<div class=\"wp-block-columns is-layout-flex wp-container-core-columns-is-layout-28f84493 wp-block-columns-is-layout-flex\">\n<div class=\"wp-block-column is-layout-flow wp-block-column-is-layout-flow\" style=\"flex-basis:33.33%\">\n<p><img decoding=\"async\" src=\"http:\/\/www.motorparkromania.ro\/img\/snegru.jpg\" alt=\"Steag negru\"><\/p>\n<\/div>\n\n\n\n<div class=\"wp-block-column is-layout-flow wp-block-column-is-layout-flow\" style=\"flex-basis:66.66%\">\n<p><strong>Steag negru<\/strong><\/p>\n\n\n\n<p>Poate fi ar\u0103tat unui participant \u00een orice moment \u00een timpul cursei sau sesiunii. Participantul este obligat s\u0103 se \u00eentoarc\u0103 la boxe la finalul turului respectiv \u0219i nu va mai putea intra pe circuit f\u0103r\u0103 a i se permite \u00een mod expres acest lucru. Poate fi vorba de comportament nesportiv, \u00eenc\u0103lcarea regulamentului circuitului sau probleme tehnice.<\/p>\n<\/div>\n<\/div>\n\n\n\n<hr class=\"wp-block-separator has-alpha-channel-opacity\"\/>","protected":false},"excerpt":{"rendered":"<p>La evenimentele de tip &#8222;track day&#8221; po\u021bi \u00eent\u00e2lni steagurile enumerate mai jos. Acestea sunt doar o parte dintre steagurile folosite pe un circuit la competi\u021bii sau la curse restul nefiind [&hellip;]<\/p>\n","protected":false},"author":1,"featured_media":0,"parent":198,"menu_order":10,"comment_status":"closed","ping_status":"closed","template":"","meta":{"_EventAllDay":false,"_EventTimezone":"","_EventStartDate":"","_EventEndDate":"","_EventStartDateUTC":"","_EventEndDateUTC":"","_EventShowMap":false,"_EventShowMapLink":false,"_EventURL":"","_EventCost":"","_EventCostDescription":"","_EventCurrencySymbol":"","_EventCurrencyCode":"","_EventCurrencyPosition":"","_EventDateTimeSeparator":"","_EventTimeRangeSeparator":"","_EventOrganizerID":[],"_EventVenueID":[],"_OrganizerEmail":"","_OrganizerPhone":"","_OrganizerWebsite":"","_VenueAddress":"","_VenueCity":"","_VenueCountry":"","_VenueProvince":"","_VenueState":"","_VenueZip":"","_VenuePhone":"","_VenueURL":"","_VenueStateProvince":"","_VenueLat":"","_VenueLng":"","_VenueShowMap":false,"_VenueShowMapLink":false,"footnotes":""},"class_list":["post-477","page","type-page","status-publish","hentry"],"_links":{"self":[{"href":"https:\/\/motorparkexperience.ro\/en\/wp-json\/wp\/v2\/pages\/477","targetHints":{"allow":["GET"]}}],"collection":[{"href":"https:\/\/motorparkexperience.ro\/en\/wp-json\/wp\/v2\/pages"}],"about":[{"href":"https:\/\/motorparkexperience.ro\/en\/wp-json\/wp\/v2\/types\/page"}],"author":[{"embeddable":true,"href":"https:\/\/motorparkexperience.ro\/en\/wp-json\/wp\/v2\/users\/1"}],"replies":[{"embeddable":true,"href":"https:\/\/motorparkexperience.ro\/en\/wp-json\/wp\/v2\/comments?post=477"}],"version-history":[{"count":2,"href":"https:\/\/motorparkexperience.ro\/en\/wp-json\/wp\/v2\/pages\/477\/revisions"}],"predecessor-version":[{"id":479,"href":"https:\/\/motorparkexperience.ro\/en\/wp-json\/wp\/v2\/pages\/477\/revisions\/479"}],"up":[{"embeddable":true,"href":"https:\/\/motorparkexperience.ro\/en\/wp-json\/wp\/v2\/pages\/198"}],"wp:attachment":[{"href":"https:\/\/motorparkexperience.ro\/en\/wp-json\/wp\/v2\/media?parent=477"}],"curies":[{"name":"wp","href":"https:\/\/api.w.org\/{rel}","templated":true}]}}