{"id":485,"date":"2026-02-06T12:06:37","date_gmt":"2026-02-06T10:06:37","guid":{"rendered":"https:\/\/motorparkexperience.ro\/?page_id=485"},"modified":"2026-02-08T10:05:07","modified_gmt":"2026-02-08T08:05:07","slug":"intrebari-si-raspunsuri-auto-qa","status":"publish","type":"page","link":"https:\/\/motorparkexperience.ro\/en\/informatii\/intrebari-si-raspunsuri-auto-qa\/","title":{"rendered":"Q&amp;A for Car Access"},"content":{"rendered":"<hr class=\"wp-block-separator has-alpha-channel-opacity\"\/>\n\n\n\n<h3 class=\"wp-block-heading has-text-align-center\" id=\"sus\">Auto<\/h3>\n\n\n\n<hr class=\"wp-block-separator has-alpha-channel-opacity\"\/>\n\n\n\n<h5 class=\"wp-block-heading has-text-color has-link-color wp-elements-d3dbaa40bd21dbf8c794c640facbbd4c\" id=\"block-ec56ad0e-65af-4dc7-a742-8f37a73be77d\" style=\"color:#a30000\">Contents:<\/h5>\n\n\n\n<ol class=\"wp-block-list\">\n<li class=\"has-text-color has-link-color wp-elements-165f674fb9c223cc289b167ce506ace0\" style=\"color:#0600ff\"><a href=\"#1\">Ce condi\u021bii trebuie s\u0103 \u00eentrunesc pentru a intra pe circuit?<\/a><\/li>\n\n\n\n<li class=\"has-text-color has-link-color wp-elements-857ac53eae0d0d153c915a578d1d54b1\" style=\"color:#0600ff\"><a href=\"#2\">Ce echipament auto este necesar pentru a intra pe circuit?<\/a><\/li>\n\n\n\n<li class=\"has-text-color has-link-color wp-elements-45c85407e61f0cbbd2a973a96c7cccba\" style=\"color:#0600ff\"><a href=\"#3\">Ce este transponderul pe care il primesc si unde trebuie montat? Unde pot vedea rezultatele?<\/a><\/li>\n\n\n\n<li class=\"has-text-color has-link-color wp-elements-381e624c58e5751700acc2f1aafccefd\" style=\"color:#0600ff\"><a href=\"#4\">Nu am mai fost niciodata pe circuit. Cum procedez?<\/a><\/li>\n\n\n\n<li class=\"has-text-color has-link-color wp-elements-3fe716bf0042e06180951ee276d348f5\" style=\"color:#0600ff\"><a href=\"#5\">Deci? C\u00e2nd ajung la circuit, ce fac?<\/a><\/li>\n\n\n\n<li class=\"has-text-color has-link-color wp-elements-245f88f8550ca5a9709e57d8c6eb4ea0\" style=\"color:#0600ff\"><a href=\"#6\">Am pasageri. Pot intra pe pist\u0103 cu ei?<\/a><\/li>\n\n\n\n<li class=\"has-text-color has-link-color wp-elements-4fcc580d3f29711cec2dcdf8d4dade0c\" style=\"color:#0600ff\"><a href=\"#8\">Briefing &#8211; ce este? Este obligatoriu?<\/a><\/li>\n<\/ol>\n\n\n\n<hr class=\"wp-block-separator has-alpha-channel-opacity\"\/>\n\n\n\n<div style=\"height:50px\" aria-hidden=\"true\" id=\"1\" class=\"wp-block-spacer\"><\/div>\n\n\n\n<h5 class=\"wp-block-heading has-text-color has-link-color wp-elements-ba04cbbf5fd3b31240ece7d347f0f114\" id=\"block-ec56ad0e-65af-4dc7-a742-8f37a73be77d\" style=\"color:#a30000\">1. Ce condi\u021bii trebuie s\u0103 \u00eentrunesc pentru a intra pe circuit?<\/h5>\n\n\n\n<p id=\"block-dc33c169-7c43-42d7-b618-5b46a466af76\">Condi\u021bii pentru a conduce o ma\u0219in\u0103 pe circuit:<\/p>\n\n\n\n<ul id=\"block-86b1cd32-cc6b-49c4-af21-c70eb166b475\" class=\"wp-block-list\">\n<li>V\u00e2rsta de 18 ani \u0219i de\u021bin\u0103tor al unui permis categoria B (nu se accepta B1)<\/li>\n\n\n\n<li>Pentru minori &#8211; legitima\u021bie de auto anduran\u021b\u0103\/ time attack\/ sprint de la FRAS sau membru al unei echipe participante in Romanian Endurance Series, Time Attack, Sprint<\/li>\n\n\n\n<li>Participant la o \u0219coal\u0103 auto activ\u0103 pe MotorPark Romania agreat\u0103 de noi<\/li>\n<\/ul>\n\n\n\n<div class=\"wp-block-buttons is-horizontal is-content-justification-right is-nowrap is-layout-flex wp-container-core-buttons-is-layout-75cb6e41 wp-block-buttons-is-layout-flex\">\n<div class=\"wp-block-button is-style-fill\" id=\"sus\"><a class=\"wp-block-button__link has-background wp-element-button\" href=\"#sus\" style=\"background-color:#a30000\">\u00cenapoi Sus<\/a><\/div>\n<\/div>\n\n\n\n<hr class=\"wp-block-separator has-alpha-channel-opacity\"\/>\n\n\n\n<div style=\"height:50px\" aria-hidden=\"true\" id=\"2\" class=\"wp-block-spacer\"><\/div>\n\n\n\n<h5 class=\"wp-block-heading has-text-color has-link-color wp-elements-e9f2eeb4a6e78225b3714e50801054b9\" id=\"block-15a68e9b-0e35-4d6a-8ee0-1cc1c1cb357e\" style=\"color:#a30000\">2. Ce echipament auto este necesar pentru a intra pe circuit?<\/h5>\n\n\n\n<p id=\"block-32e03d69-6b03-4a1b-8542-8fbcc64db412\">Echipamentul necesar pentru a intra pe circuit cu ma\u0219ina personala este urm\u0103torul:<\/p>\n\n\n\n<ul id=\"block-ec586fce-3ac7-4b8e-8a27-167ae804fc04\" class=\"wp-block-list\">\n<li>Casc\u0103 auto \u00eenchis\u0103 sau deschis\u0103 sau cas\u0103 moto<\/li>\n\n\n\n<li>Trebuie purtat\u0103 centura de siguran\u021b\u0103 (normal\u0103 sau \u00een mai multe puncte) cu care este dotat autovehiculul<\/li>\n\n\n\n<li>Extinctor la \u00eendem\u00e2n\u0103, prins corespunz\u0103tor<\/li>\n\n\n\n<li>C\u00e2rlig de remorcare la \u00eendem\u00e2n\u0103 (\u00een caz c\u0103 ma\u0219ina r\u0103m\u00e2ne pe circuit, s\u0103 o putem tracta). Nu e obligatorie montarea acestuia pe ma\u0219in\u0103, dar trebuie s\u0103 existe neap\u0103rat.<\/li>\n<\/ul>\n\n\n\n<div class=\"wp-block-buttons is-horizontal is-content-justification-right is-nowrap is-layout-flex wp-container-core-buttons-is-layout-75cb6e41 wp-block-buttons-is-layout-flex\">\n<div class=\"wp-block-button is-style-fill\" id=\"sus\"><a class=\"wp-block-button__link has-background wp-element-button\" href=\"#sus\" style=\"background-color:#a30000\">\u00cenapoi Sus<\/a><\/div>\n<\/div>\n\n\n\n<hr class=\"wp-block-separator has-alpha-channel-opacity\"\/>\n\n\n\n<div style=\"height:50px\" aria-hidden=\"true\" id=\"3\" class=\"wp-block-spacer\"><\/div>\n\n\n\n<h5 class=\"wp-block-heading has-text-color has-link-color wp-elements-e8a1ccb42a18b64eb6ba0f0f9704d909\" id=\"block-178cb408-6eef-471c-ab7d-a7719af4bdc0\" style=\"color:#a30000\">3. Ce este transponderul pe care il primesc si unde trebuie montat? Unde pot vedea rezultatele?<\/h5>\n\n\n\n<p id=\"block-a131a25a-8d04-4065-aa72-02cfd9a8f8c4\">Transponderul este dispozitivul care ajuta la masurarea timpului parcurs pe un tur complet de circuit. El transmite un semnal unic catre sistemul de cronometraj al circuitului astfel noi putand sa identificam pilotul si sa afisam timpul scos pe tur (rezultatele). De asemenea transponderul indica la race control faptul ca o ma\u0219in\u0103 se afla pe pista sau in paddock.<\/p>\n\n\n\n<p id=\"block-de94c9ea-d649-4514-addf-9bb33a8285fe\">Transponderul trebuie sa comunice cu antenele din asfaltul pistei, drept pentru care ar trebui montat cat mai jos. In general noi recomand\u0103m plasarea acestuia \u00een buzunarul de la portier\u0103 (nu \u00een torpedou, nu \u00een cotier\u0103). Dac\u0103 nu ave\u021bi buzunar la portier\u0103 sau semnalul transponderului este atenuat de caroseria ma\u0219inii, atunci acesta trebuie montat pe un suport (disponibil la biroul de \u00eenscrieri), \u00een exterior, preferabil pe grila fa\u021b\u0103. Atentie, acesta trebuie montat cat mai departe de sursele de caldur\u0103 sau abrazive (motor, esapament, anvelope).<\/p>\n\n\n\n<p id=\"block-c95c2a15-0c90-496f-bc51-c1c12a207022\">Transponderul este un echipament care trebuie montat obligatoriu, fiind considerat echipament de siguranta, dar este foarte scump si trebuie sa il pastrati cu atentie pe durata sesiunilor, deteriorarea sau distrugerea sa ducand la obligatia platii acestuia (750 euro)<\/p>\n\n\n\n<p id=\"block-37190534-6f2d-40bd-be33-a4741e6c1c5c\">Rezultatele se pot consulta pe aplicatia Mylaps Speedhive disponibila pe Android sau IOs precum si accesand linkul de pe site-ul MotorPark Romania <a href=\"https:\/\/motorparkromania.ro\/rezultate.html\">https:\/\/motorparkromania.ro\/rezultate.html<\/a><\/p>\n\n\n\n<p>Mai multe detalii aici: <a href=\"https:\/\/motorparkexperience.ro\/en\/regulamente\/informatii-suplimentare\/#2\" data-type=\"link\" data-id=\"https:\/\/motorparkexperience.ro\/regulamente\/informatii-suplimentare\/#2\">Unde pot vedea rezultatele mele?<\/a><\/p>\n\n\n\n<div class=\"wp-block-buttons is-horizontal is-content-justification-right is-nowrap is-layout-flex wp-container-core-buttons-is-layout-75cb6e41 wp-block-buttons-is-layout-flex\">\n<div class=\"wp-block-button is-style-fill\" id=\"sus\"><a class=\"wp-block-button__link has-background wp-element-button\" href=\"#sus\" style=\"background-color:#a30000\">\u00cenapoi Sus<\/a><\/div>\n<\/div>\n\n\n\n<hr class=\"wp-block-separator has-alpha-channel-opacity\"\/>\n\n\n\n<div style=\"height:50px\" aria-hidden=\"true\" id=\"4\" class=\"wp-block-spacer\"><\/div>\n\n\n\n<h5 class=\"wp-block-heading has-text-color has-link-color wp-elements-7b4c8ba7ca8af7a5616feb274e163448\" id=\"block-37f45adc-9411-47dd-8b08-4db3fab8bf1e\" style=\"color:#a30000\">4. Nu am mai fost niciodata pe circuit. Cum procedez?<\/h5>\n\n\n\n<p id=\"block-feacf621-d19f-4a27-99df-5b0a52acd5ca\">In primul rand trebuie sa te inscrii la unul dintre evenimentele noastre. Evenimentele sunt mentionate pe calendarul de pe site-ul MotorPark Romania: <a href=\"https:\/\/motorparkromania.ro\/calendar.html\">https:\/\/motorparkromania.ro\/calendar.html<\/a> precum si pe acest site la sectiunea <a href=\"https:\/\/motorparkexperience.ro\/en\/events\/\">Calendar Evenimente<\/a>. Urmariti evenimentele notate &#8222;Track Day AUTO&#8221; (aten\u021bie ca sunt si moto).<\/p>\n\n\n\n<p id=\"block-277e79c4-1cef-41ca-b6a6-187984c0cdfa\">Inscrierea se face conform anuntului pentru eveniment: plata in avans (exista un discount) sau plata direct la circuit.<\/p>\n\n\n\n<p id=\"block-f49151a3-5573-4a05-b746-b0a1be78ff3f\">Neaparat sa ai echipamentul precizat mai sus. Dac\u0103 nu ai casc\u0103, po\u021bi \u00eenchiria de la circuit. Restul trebuie s\u0103 le ai \u00een ma\u0219in\u0103.<\/p>\n\n\n\n<p id=\"block-5fb46207-6975-47fb-ac2e-d94b95725d47\">Indiferent daca ai platit in avans sau platesti la circuit, trebuie sa completezi si sa semnezi obligatoriu &#8222;Declaratia pe propria raspundere&#8221;, sa iei transponderul si br\u0103\u021bara de acces. Fiind prima data pe circuit, vei \u00eencerca s\u0103 mergi \u00een afara traselor ideale p\u00e2n\u0103 te obi\u0219nuie\u0219ti cu circuitul.<\/p>\n\n\n\n<p id=\"block-328ceafe-75ba-4d03-b441-68c82190ff65\">Recomandam, de asemenea, fiind prima data pe circuit, sa participi la briefing. Noi tinem intotdeauna briefing dimineata, inainte de inceperea sesiunilor \u0219i dac\u0103 este cazul, la pauza de pr\u00e2nz. Participarea nu este obligatorie, dar vei afla foarte multe lucruri &#8211; de la sensul in care se merge pe circuit, unde sunt intrarea si iesirea, steagurile si norme de siguranta.<\/p>\n\n\n\n<p id=\"block-c65e2956-7941-478a-8065-2f4d3fae2687\">Pe durata zilei, \u00een cadrul sesiunilor &#8222;Open pitlane&#8221; vei putea intra \u0219i ie\u0219i pe\/de pe pist\u0103 de c\u00e2te ori dore\u0219ti. Sau \u00een zilele c\u00e2nd sunt sesiuni dedicate, vei intra la grupa ta.<\/p>\n\n\n\n<p id=\"block-43da28b9-452b-4d32-8ffd-d4e0283aa86a\">Poti veni oricand la race control sa ceri sfaturi, lamuriri etc., te primim oricand cu drag.<\/p>\n\n\n\n<p id=\"block-b87a4f90-4f5c-4aa9-887e-4f6d4b8a67ad\">Te poti imprieteni cu ceilalti participanti din parcare, vei afla de la fiecare pareri, impresii si sfaturi<\/p>\n\n\n\n<p id=\"block-d424797f-b57b-43c7-81d9-ab818888b4ce\">Nu exagera! Mai ales daca ma\u0219ina ta nu este preg\u0103tit\u0103 special pentru circuit! Chiar dac\u0103 este model &#8222;sport&#8221; gen R, S-Line, GT, M etc. asta nu \u00eenseamn\u0103 c\u0103 este special preg\u0103tit\u0103 pentru circuit. Fr\u00e2nele cedeaz\u0103 primele. Deci nu sta mai mult de 20 minute pe pist\u0103. Alterneaz\u0103 tururile rapide cu tururi de r\u0103cire \u0219i apoi revino \u00een paddock pentru o r\u0103cire mai temeinic\u0103 \u0219i o pauz\u0103 pentru tine. \u021aine seama intotdeauna ca trebuie sa te intorci si acasa in siguranta. Circuitul te va obosi foarte tare \u0219i va uza cel mai mult pl\u0103cu\u021bele \u0219i discurile de fr\u00e2n\u0103. Cel mai important este sa termini ziua in siguranta. Daca simti ca nu mai po\u021bi sau ma\u0219ina d\u0103 semne de oboseal\u0103, se aprind martori pe bord, mai bine renunti decat sa trebuiasca sa pleci pe platform\u0103 sau cu ambulanta.<\/p>\n\n\n\n<p id=\"block-c19a94bc-7d7c-4857-a5d5-ca5fd5bc37a0\">Documenteaza-te in avans. E important acest pas. Citeste informatiile din zona Regulamente de pe site, cu tot ce implica acestea &#8211; de la semnificatia steagurilor, regulament de ordine interioara, intrebari si raspunsuri etc. Vei afla multe informatii si lucruri necesare pentru accesul pe circuit!<\/p>\n\n\n\n<div class=\"wp-block-buttons is-horizontal is-content-justification-right is-nowrap is-layout-flex wp-container-core-buttons-is-layout-75cb6e41 wp-block-buttons-is-layout-flex\">\n<div class=\"wp-block-button is-style-fill\" id=\"sus\"><a class=\"wp-block-button__link has-background wp-element-button\" href=\"#sus\" style=\"background-color:#a30000\">\u00cenapoi Sus<\/a><\/div>\n<\/div>\n\n\n\n<hr class=\"wp-block-separator has-alpha-channel-opacity\"\/>\n\n\n\n<div style=\"height:50px\" aria-hidden=\"true\" id=\"5\" class=\"wp-block-spacer\"><\/div>\n\n\n\n<h5 class=\"wp-block-heading has-text-color has-link-color wp-elements-95ef44501aa2915e383136676ac460da\" id=\"block-92e905b4-e911-4004-90a7-96edfc0dbdf1\" style=\"color:#a30000\">5. Deci? C\u00e2nd ajung la circuit, ce fac?<\/h5>\n\n\n\n<p id=\"block-a37dcb4b-fbfc-4f6e-9fdc-5a930eaf5989\">C\u00e2nd ai ajuns la circuit, trebuie sa faci urmatoarele:<\/p>\n\n\n\n<ul id=\"block-88f0565c-d0a3-41ac-97c0-9be04e0c10f9\" class=\"wp-block-list\">\n<li>Vii \u00een cladirea principal\u0103 pentru \u00eenscriere<\/li>\n\n\n\n<li>Pentru \u00eenscriere trebuie sa completezi &#8222;Declara\u021bia pe propria r\u0103spundere&#8221;<\/li>\n\n\n\n<li>Cu declara\u021bia completat\u0103 (po\u021bi s\u0103 o completezi la circuit sau po\u021bi veni cu ea deja completat\u0103, dac\u0103 o descarci de pe site) mergi la biroul de \u00eenscriere.<\/li>\n\n\n\n<li class=\"has-text-color has-link-color wp-elements-e3de9905aeb6c7e67d0d00cea3ddafc7\" style=\"color:#0600ff\"><a href=\"https:\/\/motorparkexperience.ro\/en\/regulamente\/informatii-suplimentare\/#3\">Declara\u021bia pe Propria R\u0103spundere se poate desc\u0103rca de aici<\/a>.<\/li>\n\n\n\n<li>La biroul de \u00eenscriere vei preda declara\u021bia completat\u0103 \u0219i semnat\u0103, permisul de conducere \u0219i vei face plata dac\u0103 nu ai f\u0103cut-o \u00eenainte. Dac\u0103 ai f\u0103cut plata \u00een avans, rezervarea este deja pe numele t\u0103u.<\/li>\n\n\n\n<li>Vei primi o br\u0103\u021bar\u0103 care \u00ee\u021bi va asigura accesul pe circuit (va trebui s\u0103 o prezin\u021bi de fiecare dat\u0103 la intrarea pe circuit), un transponder \u0219i, la cerere, suport de prindere al transponderului daca ai nevoie.<\/li>\n\n\n\n<li>Este foarte important s\u0103 participi la briefing. Acesta se \u021bine, de obicei, cu 20 de minute \u00eenainte de \u00eenceperea primei sesiuni \u0219i la pauz\u0103, dac\u0103 e cazul. Deci asigur\u0103-te c\u0103 ai timp suficient pentru toate lucrurile de mai sus.<\/li>\n<\/ul>\n\n\n\n<div class=\"wp-block-buttons is-horizontal is-content-justification-right is-nowrap is-layout-flex wp-container-core-buttons-is-layout-75cb6e41 wp-block-buttons-is-layout-flex\">\n<div class=\"wp-block-button is-style-fill\" id=\"sus\"><a class=\"wp-block-button__link has-background wp-element-button\" href=\"#sus\" style=\"background-color:#a30000\">\u00cenapoi Sus<\/a><\/div>\n<\/div>\n\n\n\n<hr class=\"wp-block-separator has-alpha-channel-opacity\"\/>\n\n\n\n<div style=\"height:50px\" aria-hidden=\"true\" id=\"6\" class=\"wp-block-spacer\"><\/div>\n\n\n\n<h5 class=\"wp-block-heading has-text-color has-link-color wp-elements-f32fa17e918c8f0cbffa482947179ed4\" id=\"block-f342b61c-3b5f-4ded-83e7-e2008af35d70\" style=\"color:#a30000\">6. Am pasageri. Pot intra pe pist\u0103 cu ei?<\/h5>\n\n\n\n<p id=\"block-c836e36c-6952-4ac3-addc-a84103701348\">Da, este permis\u0103 intrarea cu pasageri pe pist\u0103, \u00een urm\u0103toarele condi\u021bii:<\/p>\n\n\n\n<ul id=\"block-2a5b4fa7-c7d9-4028-bf21-6802308f35be\" class=\"wp-block-list\">\n<li>Pasagerul trebuie s\u0103 aib\u0103 v\u00e2rsta de 12 ani \u00eemplinit\u0103 (trebuie s\u0103 vii cu dovad\u0103 &#8211; act na\u0219tere, pa\u0219aport dac\u0103 nu are Carte de Identitate &#8211; obligatoriu pentru minori)<\/li>\n\n\n\n<li>Pasagerul trebuie s\u0103 completeze o &#8222;Declara\u021bie pe propria r\u0103spundere&#8221;, s\u0103 o depun\u0103 la biroul de \u00eenscrieri \u0219i s\u0103 primeasc\u0103 o br\u0103\u021bar\u0103 de acces<\/li>\n\n\n\n<li class=\"has-text-color has-link-color wp-elements-f51e4fe4f1cffc72525dd74fca056009\" style=\"color:#0600ff\"><a href=\"https:\/\/motorparkexperience.ro\/en\/regulamente\/informatii-suplimentare\/#3\">Declara\u021bia pe Propria R\u0103spundere se poate desc\u0103rca de aici, inclusiv cea pentru minori.<\/a><\/li>\n\n\n\n<li>S\u0103 achite o tax\u0103<\/li>\n\n\n\n<li>Br\u0103\u021bara de acces este valabil\u0103 numai ca pasager, nu permite accesul la volanul ma\u0219inii.<\/li>\n\n\n\n<li>S\u0103 aib\u0103 casc\u0103 auto (poate fi deschis\u0103 sau \u00eenchis\u0103) sau moto. C\u0103\u0219ti se pot \u00eenchiria \u0219i de la circuit. Este interzis accesul f\u0103r\u0103 casc\u0103<\/li>\n\n\n\n<li>S\u0103 aib\u0103 prins\u0103 centura de siguran\u021b\u0103<\/li>\n\n\n\n<li>Nu este permis accesul cu pasageri pe bancheta din spate. Doar pe locul din dreapta.<\/li>\n<\/ul>\n\n\n\n<div class=\"wp-block-buttons is-horizontal is-content-justification-right is-nowrap is-layout-flex wp-container-core-buttons-is-layout-75cb6e41 wp-block-buttons-is-layout-flex\">\n<div class=\"wp-block-button is-style-fill\" id=\"sus\"><a class=\"wp-block-button__link has-background wp-element-button\" href=\"#sus\" style=\"background-color:#a30000\">\u00cenapoi Sus<\/a><\/div>\n<\/div>\n\n\n\n<hr class=\"wp-block-separator has-alpha-channel-opacity\"\/>\n\n\n\n<div style=\"height:50px\" aria-hidden=\"true\" id=\"7\" class=\"wp-block-spacer\"><\/div>\n\n\n\n<h5 class=\"wp-block-heading has-text-color has-link-color wp-elements-fd171b96a2a45ca6d344135f6ee74abb\" id=\"block-a8719d16-1ddf-47cb-9b02-00f43cf94d61\" style=\"color:#a30000\">7. C\u00e2te sesiuni sunt pe zi? <\/h5>\n\n\n\n<p id=\"block-0dc079f6-084e-4bae-93da-a2c235faaae3\">\u00cen principiu sunt 2 sesiuni pe zi x 3 ore fiecare. Se poate cump\u0103ra acces pentru o sesiune sau pentru am\u00e2ndou\u0103.<\/p>\n\n\n\n<p id=\"block-0dc079f6-084e-4bae-93da-a2c235faaae3\">\u00cen anumite zile pot fi \u0219i 3 sesiuni, din care una este VIP (intr\u0103 maxim 5 ma\u0219ini, cu o tax\u0103 mai mare). Durata sesiunilor poate fi modificat\u0103 de c\u0103tre organizator. Pot fi zile \u00een care se poate decide intrarea pe grupe a 20 de minute.<\/p>\n\n\n\n<p id=\"block-e64bb3ae-9786-4bf4-99bd-9ce0b5a09001\">Sesiunile pot fi modificate \u00een func\u021bie de eventualele evenimente nedorite: accident\u0103ri, necesitatea scoaterii ma\u0219inilor ie\u0219ite \u00een afara circuitului \u0219i care nu pot reveni singure, contaminarea pistei cu fluide care trebuie neutralizate (b\u0103i de ulei sau cutii de vitez\u0103 sparte, motoare defecte, etc.). Astfel durata unei sesiuni va fi mic\u0219orat\u0103. Acest lucru NU \u00eenseamn\u0103 c\u0103 organizatorul va returna o parte din valoarea taxei de acces, \u00eentruc\u00e2t aceste evenimente sunt neprev\u0103zute \u0219i nu depind de organizator<\/p>\n\n\n\n<p id=\"block-93039b82-c8e5-45a5-9b9e-23d5a72c7bae\">Nu trebuie s\u0103 stai o zi \u00eentreag\u0103 la circuit, po\u021bi pleca mai devreme sau po\u021bi veni mai t\u00e2rziu. Ins\u0103 taxa de acces per sesiune nu se modific\u0103. Dac\u0103 ajungi mai t\u00e2rziu, nu uita s\u0103 ceri s\u0103 \u021bi se fac\u0103 briefing separat, ca s\u0103 \u0219tii condi\u021biile pistei \u0219i ce ai de f\u0103cut.<\/p>\n\n\n\n<div class=\"wp-block-buttons is-horizontal is-content-justification-right is-nowrap is-layout-flex wp-container-core-buttons-is-layout-75cb6e41 wp-block-buttons-is-layout-flex\">\n<div class=\"wp-block-button is-style-fill\" id=\"sus\"><a class=\"wp-block-button__link has-background wp-element-button\" href=\"#sus\" style=\"background-color:#a30000\">\u00cenapoi Sus<\/a><\/div>\n<\/div>\n\n\n\n<hr class=\"wp-block-separator has-alpha-channel-opacity\"\/>\n\n\n\n<div style=\"height:50px\" aria-hidden=\"true\" id=\"8\" class=\"wp-block-spacer\"><\/div>\n\n\n\n<h5 class=\"wp-block-heading has-text-color has-link-color wp-elements-036e55a09e4fb8784bb374df5a99a002\" id=\"block-fb1d0eb7-2835-41a6-96b2-62b227cc4d15\" style=\"color:#a30000\">8. Briefing &#8211; ce este? Este obligatoriu?<\/h5>\n\n\n\n<p id=\"block-fcf01d6f-c865-4e78-b950-0c6ea9b12338\">Briefingul se \u021bine \u00een fiecare diminea\u021b\u0103, \u00eenainte de \u00eenceperea sesiunilor \u0219i la pauza de pr\u00e2nz, dac\u0103 este cazul.<\/p>\n\n\n\n<p id=\"block-60cf577e-3d58-4db2-8401-e88b8e55527a\">La briefing se explic\u0103 unde sunt intrarea \u0219i ie\u0219irea de pe circuit, sensul parcurgerii circuitului \u00een ziua respectiv\u0103 (poate fi orar sau anti-orar), steagurile &#8211; ce \u00eenseamn\u0103 \u0219i ce trebuie s\u0103 faci, cum intri pe circuit \u0219i cum ie\u0219i, condi\u021bii speciale din ziua respectiv\u0103, ce trebuie s\u0103 faci \u00een anumite situa\u021bii (cum ar fi dac\u0103 ai ie\u0219it \u00een afara pistei, dac\u0103 ai spart motorul, etc.).<\/p>\n\n\n\n<p id=\"block-6e8b4ab7-8570-4d21-9027-eab2aa16b004\">Participarea la briefing nu este obligatorie, dar este foarte recomandat\u0103, mai ales pentru cei care sunt prima dat\u0103 pe circuit sau vin rar.<\/p>\n\n\n\n<p>Mai multe detalii po\u021bi g\u0103si aici: <a href=\"https:\/\/motorparkexperience.ro\/en\/regulamente\/informatii-suplimentare\/#1\" data-type=\"internal\" data-id=\"#Ce-se-discut\u0103-la-briefing\">Ce se discut\u0103 la briefing? Este obligatoriu s\u0103 particip?<\/a><\/p>\n\n\n\n<div class=\"wp-block-buttons is-horizontal is-content-justification-right is-nowrap is-layout-flex wp-container-core-buttons-is-layout-75cb6e41 wp-block-buttons-is-layout-flex\">\n<div class=\"wp-block-button is-style-fill\" id=\"sus\"><a class=\"wp-block-button__link has-background wp-element-button\" href=\"#sus\" style=\"background-color:#a30000\">\u00cenapoi Sus<\/a><\/div>\n<\/div>\n\n\n\n<hr class=\"wp-block-separator has-alpha-channel-opacity\"\/>\n\n\n\n<figure class=\"wp-block-image size-large is-style-rounded is-style-rounded--1\"><img loading=\"lazy\" decoding=\"async\" width=\"1024\" height=\"639\" src=\"https:\/\/motorparkexperience.ro\/wp-content\/uploads\/2026\/02\/PKSR80531-1024x639.jpg\" alt=\"\" class=\"wp-image-539\" srcset=\"https:\/\/motorparkexperience.ro\/wp-content\/uploads\/2026\/02\/PKSR80531-1024x639.jpg 1024w, https:\/\/motorparkexperience.ro\/wp-content\/uploads\/2026\/02\/PKSR80531-600x374.jpg 600w, https:\/\/motorparkexperience.ro\/wp-content\/uploads\/2026\/02\/PKSR80531-300x187.jpg 300w, https:\/\/motorparkexperience.ro\/wp-content\/uploads\/2026\/02\/PKSR80531-768x479.jpg 768w, https:\/\/motorparkexperience.ro\/wp-content\/uploads\/2026\/02\/PKSR80531.jpg 1249w\" sizes=\"auto, (max-width: 1024px) 100vw, 1024px\" \/><\/figure>\n\n\n\n<hr class=\"wp-block-separator has-alpha-channel-opacity\"\/>","protected":false},"excerpt":{"rendered":"<p>Auto Cuprins: 1. Ce condi\u021bii trebuie s\u0103 \u00eentrunesc pentru a intra pe circuit? Condi\u021bii pentru a conduce o ma\u0219in\u0103 pe circuit: 2. Ce echipament auto este necesar pentru a intra [&hellip;]<\/p>\n","protected":false},"author":1,"featured_media":0,"parent":198,"menu_order":20,"comment_status":"closed","ping_status":"closed","template":"","meta":{"_EventAllDay":false,"_EventTimezone":"","_EventStartDate":"","_EventEndDate":"","_EventStartDateUTC":"","_EventEndDateUTC":"","_EventShowMap":false,"_EventShowMapLink":false,"_EventURL":"","_EventCost":"","_EventCostDescription":"","_EventCurrencySymbol":"","_EventCurrencyCode":"","_EventCurrencyPosition":"","_EventDateTimeSeparator":"","_EventTimeRangeSeparator":"","_EventOrganizerID":[],"_EventVenueID":[],"_OrganizerEmail":"","_OrganizerPhone":"","_OrganizerWebsite":"","_VenueAddress":"","_VenueCity":"","_VenueCountry":"","_VenueProvince":"","_VenueState":"","_VenueZip":"","_VenuePhone":"","_VenueURL":"","_VenueStateProvince":"","_VenueLat":"","_VenueLng":"","_VenueShowMap":false,"_VenueShowMapLink":false,"footnotes":""},"class_list":["post-485","page","type-page","status-publish","hentry"],"_links":{"self":[{"href":"https:\/\/motorparkexperience.ro\/en\/wp-json\/wp\/v2\/pages\/485","targetHints":{"allow":["GET"]}}],"collection":[{"href":"https:\/\/motorparkexperience.ro\/en\/wp-json\/wp\/v2\/pages"}],"about":[{"href":"https:\/\/motorparkexperience.ro\/en\/wp-json\/wp\/v2\/types\/page"}],"author":[{"embeddable":true,"href":"https:\/\/motorparkexperience.ro\/en\/wp-json\/wp\/v2\/users\/1"}],"replies":[{"embeddable":true,"href":"https:\/\/motorparkexperience.ro\/en\/wp-json\/wp\/v2\/comments?post=485"}],"version-history":[{"count":12,"href":"https:\/\/motorparkexperience.ro\/en\/wp-json\/wp\/v2\/pages\/485\/revisions"}],"predecessor-version":[{"id":615,"href":"https:\/\/motorparkexperience.ro\/en\/wp-json\/wp\/v2\/pages\/485\/revisions\/615"}],"up":[{"embeddable":true,"href":"https:\/\/motorparkexperience.ro\/en\/wp-json\/wp\/v2\/pages\/198"}],"wp:attachment":[{"href":"https:\/\/motorparkexperience.ro\/en\/wp-json\/wp\/v2\/media?parent=485"}],"curies":[{"name":"wp","href":"https:\/\/api.w.org\/{rel}","templated":true}]}}