{"id":491,"date":"2026-02-06T12:24:27","date_gmt":"2026-02-06T10:24:27","guid":{"rendered":"https:\/\/motorparkexperience.ro\/?page_id=491"},"modified":"2026-02-06T12:25:25","modified_gmt":"2026-02-06T10:25:25","slug":"regulament-de-acces","status":"publish","type":"page","link":"https:\/\/motorparkexperience.ro\/en\/informatii\/regulament-de-acces\/","title":{"rendered":"Access Rules"},"content":{"rendered":"<hr class=\"wp-block-separator has-alpha-channel-opacity\"\/>\n\n\n\n<h4 class=\"wp-block-heading has-text-align-center has-text-color has-link-color wp-elements-adda0554986413428126bd6c4c3b9c8f\" style=\"color:#af0000\">Acesta este regulamentul general de acces \u00een incinta circuitului MotorPark Romania<\/h4>\n\n\n\n<p><strong>PREZENTUL REGULAMENT SE APLIC\u0102 PENTRU TOATE PERSOANELE CARE INTR\u0102 \u00ceN INCINTA MOTORPARK ROMANIA &#8211; PILOTI, \u00ceNSO\u021aITORI SAU SPECTATORI<\/strong><\/p>\n\n\n\n<ol class=\"wp-block-list\">\n<li>Circuitul MotorPark Romania este o proprietate privat\u0103 iar accesul este restric\u021bionat.<\/li>\n\n\n\n<li>Intrarea \u00een incinta MotorPark Romania implic\u0103 respectarea legilor, regulamentelor interne ale circuitului \u0219i ale organizatorilor evenimentelor.<\/li>\n\n\n\n<li>Intrarea \u0219i ie\u0219irea din incint\u0103 se fac numai pe la por\u021bile de acces \u0219i intr\u0103rile oficiale desemnate de organizator<\/li>\n\n\n\n<li>Orice persoana ce intr\u0103 \u00een incinta MotorPark este obligat\u0103 s\u0103 se comporte astfel \u00eenc\u00e2t s\u0103 nu aduc\u0103 prejudicii complexului sau facilit\u0103\u021bilor acestuia<\/li>\n\n\n\n<li>Este obligatorie men\u021binerea cur\u0103\u021beniei \u00een cadrul complexului<\/li>\n\n\n\n<li>Intrarea persoanelor \u00een complexul MotorPark se face pe propriul risc, deoarece activit\u0103\u021bile de motorsport sunt periculoase.<\/li>\n\n\n\n<li>MotorPark Romania \u00ee\u0219i rezerv\u0103 dreptul de a interzice accesul sau de a elimina o persoana din cadrul complexului, f\u0103r\u0103 nicio compensare, dac\u0103 o astfel de persoan\u0103 nu respect\u0103 regulile \u0219i regulamentele circuitului sau organizatorilor evenimentelor sau comportamentul acesteia este inadecvat.<\/li>\n\n\n\n<li>Este interzis accesul \u00een complex al persoanelor \u00een stare de ebrietate sau sub influen\u021ba drogurilor.<\/li>\n\n\n\n<li>Orice persoan\u0103 ce intr\u0103 \u00een incinta MotorPark Romania poate fi supus\u0103 controlului personal de securitate. Refuzul unei persoane de a se supune unui astfel de control duce la interzicerea accesului \u00een complex<\/li>\n\n\n\n<li>Este interzis\u0103 intrarea \u00een incinta complexului cu b\u0103uturi alcoolice, droguri, arme \u0219i muni\u021bii, containere presurizate, butelii, substan\u021be explozive, etc.<\/li>\n\n\n\n<li>Accesul publicului pe pist\u0103 este strict interzis<\/li>\n\n\n\n<li>Accesul publicului este interzis \u00een zonele delimitate cu band\u0103 sau cu garduri, \u00een zonele marcate cu \u201dAccesul interzis\u201d, pe pitlane \u0219i \u00een jurul pistei.<\/li>\n\n\n\n<li>\u00cen cazul \u00een care complexul trebuie evacuat, toate persoanele trebuie s\u0103 respecte instruc\u021biunile organizatorului \u0219i ale angaja\u021bilor circuitului \u0219i nu trebuie s\u0103 intre \u00een panic\u0103<\/li>\n\n\n\n<li>Accesul autovehiculelor \u00een incint\u0103 este permis numai \u00een func\u021bie de eveniment iar parcarea acestora se va face conform indica\u021biilor organizatorului\/ personalului circuitului<\/li>\n\n\n\n<li>Este interzis\u0103 blocarea intr\u0103rilor \u00een boxe\/ cl\u0103dire cu autovehicule sau obiecte<\/li>\n\n\n\n<li>Publicul care intr\u0103 \u00een incinta complexului ia la cuno\u0219tin\u021b\u0103 faptul c\u0103 \u00een interiorul acestuia, persoanele autorizate se pot deplasa cu ma\u0219ina\/ scuterul\/ motocicleta\/ bicicleta\/ trotineta\/ ATV-ul sau alte vehicule \u0219i c\u0103 trebuie s\u0103 fie atent la deplasarea acestora.<\/li>\n\n\n\n<li>Viteza maxim\u0103 de deplasare \u00een paddock este de 20km\/h pentru orice tip de vehicule<\/li>\n\n\n\n<li>Este interzis\u0103 aruncarea pe pist\u0103 \u0219i \u00een paddock a oric\u0103ror obiecte\/ resturi. V\u0103 rug\u0103m folosi\u021bi co\u0219urile de gunoi.<\/li>\n\n\n\n<li>Accesul cu animale de companie este permis doar \u00een paddock, iar acestea, obligatoriu, trebuie s\u0103 se afle \u00een les\u0103. Proprietarul este obligat s\u0103 supravegheze \u00een permanen\u021b\u0103 \u0219i cure\u021be dup\u0103 animalul s\u0103u de companie.<\/li>\n\n\n\n<li>Fumatul este interzis, inclusiv \u021big\u0103rile electronice, \u00een cl\u0103dire, pe terasele acesteia, \u00een boxe \u0219i pe pit lane. Fumatul este permis doar \u00een paddock. Fumatul \u00een spa\u021biile interzise poate duce la amendarea \u0219i la evacuarea persoanei respective din incinta complexului<\/li>\n\n\n\n<li>Focul deschis este interzis<\/li>\n\n\n\n<li>Accesul pe pist\u0103 al celor \u00eenscri\u0219i la evenimente se face numai dup\u0103 semnarea Declara\u021biei pe Propria R\u0103spundere<\/li>\n\n\n\n<li>Este interzis\u0103 sta\u021bionarea pe timp de noapte \u00een cadrul complexului f\u0103r\u0103 acordul conducerii<\/li>\n\n\n\n<li>Sunt interzise comercializarea de produse precum \u0219i activit\u0103\u021bile de marketing, dac\u0103 acestea nu sunt aprobate \u00een scris de c\u0103tre administra\u021bie<\/li>\n\n\n\n<li>Orice persoan\u0103 ce intr\u0103 \u00een cadrul MotorPark este de acord c\u0103 imaginea sa poate ap\u0103rea \u0219i va putea fi folosit\u0103 \u00een fotografii\/ \u00eenregistr\u0103ri video\/ transmisii \u0219i \u00een scopuri promo\u021bionale \u00een context cu circuitul<\/li>\n\n\n\n<li>Obiectivul este supravegheat video.<\/li>\n\n\n\n<li>Persoanele care g\u0103sesc obiecte pierdute sunt obligate s\u0103 le predea personalului circuitului<\/li>\n\n\n\n<li>Circuitul MotorPark Romania nu \u00ee\u0219i asum\u0103 nicio responsabilitate \u00een caz de degradare, furt sau pierdere a obiectelor personale.<\/li>\n\n\n\n<li>Accesul copiilor sub 14 ani este permis numai dac\u0103 ace\u0219tia sunt \u00eenso\u021bi\u021bi de un adult \u0219i cu condi\u021bia s\u0103 fie supraveghea\u021bi permanent.<\/li>\n\n\n\n<li>Este interzisa c\u0103\u021b\u0103rarea pe garduri \u0219i aplecarea peste balustrade\/ geamuri\/ garduri.<\/li>\n<\/ol>","protected":false},"excerpt":{"rendered":"<p>Acesta este regulamentul general de acces \u00een incinta circuitului MotorPark Romania PREZENTUL REGULAMENT SE APLIC\u0102 PENTRU TOATE PERSOANELE CARE INTR\u0102 \u00ceN INCINTA MOTORPARK ROMANIA &#8211; PILOTI, \u00ceNSO\u021aITORI SAU SPECTATORI<\/p>","protected":false},"author":1,"featured_media":0,"parent":198,"menu_order":1,"comment_status":"closed","ping_status":"closed","template":"","meta":{"_EventAllDay":false,"_EventTimezone":"","_EventStartDate":"","_EventEndDate":"","_EventStartDateUTC":"","_EventEndDateUTC":"","_EventShowMap":false,"_EventShowMapLink":false,"_EventURL":"","_EventCost":"","_EventCostDescription":"","_EventCurrencySymbol":"","_EventCurrencyCode":"","_EventCurrencyPosition":"","_EventDateTimeSeparator":"","_EventTimeRangeSeparator":"","_EventOrganizerID":[],"_EventVenueID":[],"_OrganizerEmail":"","_OrganizerPhone":"","_OrganizerWebsite":"","_VenueAddress":"","_VenueCity":"","_VenueCountry":"","_VenueProvince":"","_VenueState":"","_VenueZip":"","_VenuePhone":"","_VenueURL":"","_VenueStateProvince":"","_VenueLat":"","_VenueLng":"","_VenueShowMap":false,"_VenueShowMapLink":false,"footnotes":""},"class_list":["post-491","page","type-page","status-publish","hentry"],"_links":{"self":[{"href":"https:\/\/motorparkexperience.ro\/en\/wp-json\/wp\/v2\/pages\/491","targetHints":{"allow":["GET"]}}],"collection":[{"href":"https:\/\/motorparkexperience.ro\/en\/wp-json\/wp\/v2\/pages"}],"about":[{"href":"https:\/\/motorparkexperience.ro\/en\/wp-json\/wp\/v2\/types\/page"}],"author":[{"embeddable":true,"href":"https:\/\/motorparkexperience.ro\/en\/wp-json\/wp\/v2\/users\/1"}],"replies":[{"embeddable":true,"href":"https:\/\/motorparkexperience.ro\/en\/wp-json\/wp\/v2\/comments?post=491"}],"version-history":[{"count":1,"href":"https:\/\/motorparkexperience.ro\/en\/wp-json\/wp\/v2\/pages\/491\/revisions"}],"predecessor-version":[{"id":492,"href":"https:\/\/motorparkexperience.ro\/en\/wp-json\/wp\/v2\/pages\/491\/revisions\/492"}],"up":[{"embeddable":true,"href":"https:\/\/motorparkexperience.ro\/en\/wp-json\/wp\/v2\/pages\/198"}],"wp:attachment":[{"href":"https:\/\/motorparkexperience.ro\/en\/wp-json\/wp\/v2\/media?parent=491"}],"curies":[{"name":"wp","href":"https:\/\/api.w.org\/{rel}","templated":true}]}}