{"id":494,"date":"2026-02-06T12:45:39","date_gmt":"2026-02-06T10:45:39","guid":{"rendered":"https:\/\/motorparkexperience.ro\/?page_id=494"},"modified":"2026-02-06T12:45:58","modified_gmt":"2026-02-06T10:45:58","slug":"termeni-si-conditii-acces","status":"publish","type":"page","link":"https:\/\/motorparkexperience.ro\/en\/informatii\/termeni-si-conditii-acces\/","title":{"rendered":"Access Terms and Conditions"},"content":{"rendered":"<hr class=\"wp-block-separator has-alpha-channel-opacity\"\/>\n\n\n\n<h4 class=\"wp-block-heading has-text-align-center has-text-color has-link-color wp-elements-e013a702d92fc8178496328724ed393d\" style=\"color:#af0000\">Termenii \u0219i condi\u021biile de acces pe circuitul MotorPark Romania<\/h4>\n\n\n\n<hr class=\"wp-block-separator has-alpha-channel-opacity\"\/>\n\n\n\n<p class=\"has-text-align-center\"><strong>Termenii si Condi\u021biile listate \u00een continuare <span style=\"text-decoration: underline;\">fac parte integrant\u0103 din Declara\u021bia pe Propria R\u0103spundere<\/span> ce trebuie completat\u0103 pentru accesul pe Circuit.<\/strong><\/p>\n\n\n\n<ol class=\"wp-block-list\">\n<li>Participantul va avea acces pe circuit pe propria r\u0103spundere.\u00a0 Participantul declar\u0103 c\u0103 \u00ee\u0219i asum\u0103\u00a0 \u00eentreaga r\u0103spundere \u0219i confirm\u0103 c\u0103 MOTORPARK ROMANIA (numit\u0103 \u00een continuare \u201cCOMPANIA\u201d), prin reprezentan\u021bii s\u0103i legali, nu este r\u0103spunz\u0103toare pentru daunele cauzate asupra persoanelor, bunurilor sau ter\u021belor p\u0103r\u021bi de c\u0103tre Participant \u00een timpul accesului s\u0103u pe circuit. Participantul este pe deplin responsabil pentru orice daune sau pierderi cauzate de el\/ea. Participantul este obligat s\u0103 ac\u021bioneze cu bun\u0103 credin\u021b\u0103 \u0219i \u00een mod responsabil pentru a se asigura c\u0103 nu va cauza daune integrit\u0103\u021bii unor ter\u021be persoane, bunurilor sau mediul \u00eenconjur\u0103tor prin accesul s\u0103u pe circuit \u0219i c\u0103 va avea un comportament \u00een limita bunului sim\u021b fa\u021b\u0103 de ceilal\u021bi participan\u021bi prezen\u021bi pe circuit \u00een acela\u0219i timp precum \u0219i fa\u021b\u0103 de orice persoane aflate \u00een incinta Complexului Motor Park Rom\u00e2nia \u2013 Comuna Ad\u00e2ncata, Jude\u021bul Ialomi\u021ba (numit \u00een continuare \u201eCIRCUITUL\u201c). Participantul declar\u0103 c\u0103 el\/ea poart\u0103 \u00eentreaga r\u0103spundere pentru daunele cauzate \u00een timpul accesului pe Circuit precum \u0219i \u00een oricare alt loc din incinta Circuitului. Participantul declar\u0103 c\u0103 va lua toate m\u0103surile necesare de precau\u021bie pentru a reduce riscul de accidentare\/v\u0103t\u0103mare at\u00e2t pentru el\/ea c\u00e2t \u0219i pentru cei din jur \u0219i va urma instruc\u021biunile primite de la reprezentan\u021bii Companiei. Participantul confirm\u0103 c\u0103 stie riscurile \u0219i pericolele referitoare la utilizarea circuitului.<\/li>\n\n\n\n<li>Participantul agreeaz\u0103 c\u0103 Circuitul nu este un drum public \u0219i c\u0103 asigurarea de r\u0103spundere civil\u0103 RCA sau CASCO nu acoper\u0103 posibilele evenimente produse \u00een timpul accesului pe circuitul Motor Park Romania.<\/li>\n\n\n\n<li>Participantul declar\u0103 c\u0103 de\u021bine un permis de conducere valid; mai mult, el\/ea declar\u0103 c\u0103 nu se afl\u0103 \u0219i nu se va afla sub influen\u021ba sau \u00een posesia b\u0103uturilor alcoolice sau a substan\u021belor interzise sau medicamentelor ce pot afecta concentrarea \u0219i viteza de reac\u021bie, pe perioada accesului \u00een cadrul Circuitului. Participantul este de acord c\u0103, \u00een orice moment, COMPANIA s\u0103 poat\u0103 realiza un test de depistare a consumului alcoolic sau de substan\u021be interzise \u00een incinta Circuitului \u0219i Participantul nu va refuza sub nici un motiv acest test. Participantul garanteaz\u0103 c\u0103 vehiculul utilizat pentru acces pe circuit se afl\u0103 \u00een stare tehnic\u0103 bun\u0103, c\u0103 acesta nu are pierderi de lichide iar cauciucurile sunt \u00een stare optim\u0103. Participantul este de acord c\u0103 reprezentan\u021bii COMPANIEI au dreptul de a admite sau de a refuza accesul vehiculului pe Circuit sau s\u0103 descalifice Participantul, f\u0103r\u0103 drept de compensare, \u00een cazul \u00een care vehiculul are probleme tehnice ce pot pune \u00een pericol siguran\u021ba Participantului \u0219i a celorlal\u021bi participan\u021bi pe Circuit.<\/li>\n\n\n\n<li>Participantul declar\u0103 c\u0103 este con\u0219tient de riscurile obiective, circumstan\u021bele imprevizibile \u0219i pericolul general din sporturile cu motor. Mai mult, Participantul declar\u0103 c\u0103 vehiculul s\u0103u \u00eendepline\u0219te toate condi\u021biile tehnice de siguran\u021b\u0103 iar participantul se afl\u0103 \u00eentr-o condi\u021bie fizic\u0103 optim\u0103 pentru accesul pe circuit. Participantul va realiza primul tur a pistei cu o vitez\u0103 maxim\u0103 de 90 km\/h\u00a0 (primul tur se nume\u0219te tur de test sau \u00eenc\u0103lzire) pentru a se obi\u0219nui cu parametrii pistei \u0219i cu caracteristicile suprafe\u021bei de rulare.<\/li>\n\n\n\n<li>Participantul este de acord c\u0103, personalul autorizat al COMPANIEI are dreptul de a interzice Participantului accesul pe circuit \u00een cazul \u00een care exist\u0103 dubii referitor la respectarea acestor termeni \u0219i condi\u021bii.<\/li>\n\n\n\n<li>Participantul a luat cuno\u0219tin\u021b\u0103 de faptul c\u0103 Circuitul poate fi monitorizat printr-un sistem de camere video (ex. se pot realiza \u00eenregistr\u0103ri audio-video). Participantul este de acord cu \u00eenregistrarea \u0219i utilizarea acestor \u00eenregistr\u0103ri (\u00een cazul \u00een care el\/ea apare \u00een aceste \u00eenregistr\u0103ri) pentru orice ac\u021biune legal\u0103 sau administrativ\u0103 (chiar \u0219i ca prob\u0103). Participantul este de acord ca, COMPANIA s\u0103 realizeze \u00eenregistr\u0103ri audio-video \u0219i fotografice ale Participantului \u00een incinta Circuitului \u0219i acord\u0103 COMPANIEI permisiunea de a folosi aceste \u00eenregistr\u0103ri pentru realizarea de materiale promo\u021bionale \u0219i pentru distribuirea acestor materiale prin intermediul mijloacelor de comunicare mass-media (inclusiv Internet), f\u0103r\u0103 a datora Participantului nici o compensa\u021bie.<\/li>\n\n\n\n<li>Conduc\u0103torii automobilelor sunt obliga\u021bi s\u0103 foloseasc\u0103 centura de siguran\u021b\u0103 \u0219i casca de protec\u021bie. Conduc\u0103torii motocicletelor sunt obliga\u021bi s\u0103 poarte costum de protec\u021bie \u00eentreg sau din dou\u0103 piese, cizme, m\u0103nu\u0219i \u0219i casca de protec\u021bie \u2013 echipamentul trebuie s\u0103 fie special creat pentru mersul pe motociclet\u0103.<\/li>\n\n\n\n<li>Accesul pe pist\u0103 se face doar prin locurile special marcate. Participantul este obligat s\u0103 urmeze instruc\u021biunile personalului care se ocup\u0103 de accesul \u0219i siguran\u021ba pe circuit, iar accesul pe circuit se face obligatoriu doar \u00een sensul indicat de ace\u0219tia. Este strict interzis\u0103 \u00eentoarcerea pe circuit sau circularea \u00een sens opus. Este strict interzisa incalcarea marcajelor care delimiteaza banda de acceleratie (linia continua). \u00cen cazul unei defec\u021biuni a vehiculului sau \u00een caz de accident, Participantul trebuie s\u0103 deplaseze vehiculul avariat \u00een afara pistei, \u00een m\u0103sura \u00een care acest lucru este posibil, \u0219i s\u0103 a\u0219tepte la fa\u021ba locului sosirea vehiculului de remorcare. Oprirea sau fr\u00e2narea \u00een dreptul unui vehicul accidentat sau avariat precum \u0219i tractarea acestuia pe pist\u0103 sunt strict interzise. Participantul trebuie s\u0103 depun\u0103 toate eforturile necesare pentru a nu obstruc\u021biona accesul pe pist\u0103 al altor participan\u021bi.<\/li>\n\n\n\n<li>Participantul este obligat s\u0103 adapteze viteza pe Circuit \u00een func\u021bie de abilit\u0103\u021bile sale, de starea vehiculului, de starea pistei \u0219i de condi\u021biile meteo.<\/li>\n\n\n\n<li>Participantul nu are voie s\u0103 \u00eencetineasc\u0103 brusc sau s\u0103 fr\u00e2neze f\u0103r\u0103 motiv \u00een tip ce ruleaz\u0103 pe pist\u0103. \u00cen caz de necesitate, Participantul trebuie s\u0103 p\u0103r\u0103seasc\u0103 pista \u00een condi\u021bii de siguran\u021b\u0103.<\/li>\n\n\n\n<li>\u00cen caz de accident, Participantul este obligat s\u0103 prezinte vehiculul pentru o verificare tehnic\u0103, \u00een caz contrar i se va retrage dreptul de acces pe Circuit.<\/li>\n\n\n\n<li>Participantul va respecta startul \u0219i finalul curselor\/sesiunilor \u00een conformitate cu instruc\u021biunile reprezentan\u021bilor oficiali ale acestora \u0219i \u00een conformitate cu semnalizarea luminoas\u0103 sau prin steaguri. Participantul va p\u0103r\u0103si pista imediat ce s-a semnalat finalul cursei\/ sesiunii.<\/li>\n\n\n\n<li>Participantul este obligat s\u0103 conduc\u0103 vehiculul \u00een a\u0219a fel \u00eenc\u00e2t s\u0103 nu pun\u0103 \u00een pericol \u0219i s\u0103 nu incomodeze al\u021bi participan\u021bi pe pist\u0103.<\/li>\n\n\n\n<li>Pe \u00eentreaga perioad\u0103 a prezen\u021bei \u00een incinta Circuitului, Participantul trebuie s\u0103 respecte instruc\u021biunile reprezentan\u021bilor COMPANIEI. Participantul \u00ee\u0219i asum\u0103 r\u0103spunderea \u0219i pentru persoanele care \u00eel \u00eenso\u021besc, pentru comportamentul acestora precum \u0219i pentru pagubele pe care acestea le-ar putea cauza.<\/li>\n\n\n\n<li>Participantul accept\u0103 c\u0103 are acces doar \u00een anumite zone ale Circuitului semnalate \u00een mod explicit de c\u0103tre COMPANIE (sau de Reprezentan\u021bii acesteia), sau \u00een zonele pentru care a primit o permisiune special\u0103.<\/li>\n\n\n\n<li>Participantul nu are dreptul de a realiza fotografii sau \u00eenregistr\u0103ri audio-video pe durata prezen\u021bei sale \u00een cadrul incintei Circuitului. Realizarea materialelor fotografice sau audio-video este permis\u0103 doar cu acordul prealabil al COMPANIEI \u0219i poate fi supus\u0103 unei taxe.<\/li>\n\n\n\n<li>\u00cen zona pit lane este interzis fumatul, consumul de b\u0103uturi alcoolice, posesia de obiecte periculoase sau prezen\u021ba copiilor nesupraveghea\u021bi sau a animalelor de companie f\u0103r\u0103 les\u0103. Limita de vitez\u0103 \u00een aceast\u0103 zon\u0103 este de 60km\/h.<\/li>\n\n\n\n<li>Participantul are dreptul de a \u00eenainta COMPANIEI o sesizare \u00een privin\u021ba altor participan\u021bi \u00een cazul \u00een care dore\u0219te s\u0103 semnaleze activit\u0103\u021bi suspicioase. Participantul recunoa\u0219te dreptul exclusiv al COMPANIEI de a decide rezolvarea sesiz\u0103rii \u0219i va respecta decizia acesteia, inclusiv posibilele sanc\u021biuni.<\/li>\n\n\n\n<li>Organizatorul poate tine un instructaj (briefing) pentru a reaminti o parte din conditiile mentionate in prezentul document precum si pentru a prezenta conditiile de acces si eventuale conditii speciale. Briefingul nu este obligatoriu nici a fi tinut de catre organizator nici de a fi urmarit de catre participanti.<\/li>\n\n\n\n<li>Participantul declar\u0103 c\u0103 este \u00een cuno\u0219tin\u021b\u0103 de cauz\u0103 \u00een ceea ce prive\u0219te condi\u021biile \u0219i parametrii circuitului \u0219i c\u0103 a citit regulamentul, termenii si conditiile si semnificatia steagurilor existente pe site.<\/li>\n\n\n\n<li>Participantul este obligat s\u0103 respecte toate instruc\u021biunile primite de la COMPANIE \u0219i de la reprezentan\u021bii oficiali ai acesteia pe perioada prezen\u021bei \u00een incinta Circuitului inclusiv interzicerea condusului neglijent \u0219i periculos, instruc\u021biunile de siguran\u021b\u0103, semnalizarea luminoas\u0103, prin marcaje \u0219i cea prin steaguri. Mai mult, Participantul este obligat s\u0103 respecte limita de vitez\u0103 de 20 km\/h \u00een zona parc\u0103rii\/ paddock, zon\u0103 ce face parte din incinta Circuitului (numit\u0103 \u00een continuare \u201dParcare\u201d) \u0219i \u00een acela\u0219i timp Participantul se va ab\u021bine de la fr\u00e2narea brusc\u0103 \u00een Parcare, (cu excep\u021bia cazului \u00een care fr\u00e2narea brusc\u0103 are ca scop evitarea unui obstacol neprev\u0103zut aflat pe direc\u021bia de mers a vehiculului), s\u0103 se ab\u021bin\u0103 de la acceler\u0103ri bru\u0219te, derapaje controlate sau drift.<\/li>\n\n\n\n<li>Participantul este obligat s\u0103 respecte toate instruc\u021biunile COMPANIEI \u0219i ale reprezentan\u021bilor autoriza\u021bi ai acesteia referitoare la \u00eendep\u0103rtarea vehiculelor avariate. COMPANIA nu \u00ee\u0219i asum\u0103 r\u0103spunderea pentru posibilele pagube care ar putea ap\u0103rea \u00een acest caz.<\/li>\n\n\n\n<li>Participantul este de acord ca, COMPANIA s\u0103 proceseze datele sale de identificare \u2013 nume, prenume, data na\u0219terii, adres\u0103 permanent\u0103, adres\u0103 de email \u00een urm\u0103toarele scopuri: (a) verificarea identit\u0103\u021bii participantului \u00een vederea autoriz\u0103rii accesului e pist\u0103, (b) \u00eenregistrarea \u00een baza de date a Participan\u021bilor,\u00a0 (c) \u00eenregistrarea acestor informa\u021bii \u00een baza de date (sistemul computerizat) administrat\u0103 de COMPANIE, (d) asigurarea de servicii \u0219i tranzac\u021bii de c\u0103tre COMPANIE, (e) elaborarea analizelor \u0219i statisticilor interne ale COMPANIEI,\u00a0 (f)\u00a0 contactarea (pentru a oferi informa\u021bii), informarea referitor la evenimente \u0219i\/sau servicii oferite de c\u0103tre COMPANIE fie sub form\u0103 scris\u0103 la adresa de contact, fie sub form\u0103 de informa\u021bie electronic\u0103 pe email,\u00a0 (g)\u00a0 folosirea datelor de c\u0103tre COMPANIE pentru campanii de marketing \u0219i furnizarea acestor informa\u021bii c\u0103tre ter\u021be p\u0103r\u021bi care vor colabora cu COMPANIA la organizarea evenimentelor \u0219i a activit\u0103\u021bilor de marketing, sub contract de confiden\u021bialitate, cu acordul Participantului (h) \u00een conformitate cu prevederile legislative \u00een vigoare \u0219i pentru arhivarea acestei declara\u021bii. Astfel, Participantul declar\u0103 c\u0103 este de acord cu prevederile de mai sus pentru o perioad\u0103 de 10 ani de la data semn\u0103rii acestei Declara\u021bii. Participantul \u00ee\u0219i poate retrage consim\u021b\u0103m\u00e2ntul pentru utilizarea acestor informa\u021bii printr-o cerere scris\u0103 transmis\u0103 COMPANIEI.<\/li>\n\n\n\n<li>Participantul declar\u0103 c\u0103 a luat la cuno\u0219tin\u021b\u0103 semnifica\u021bia semnaliz\u0103rii luminoase sau prin steaguri, dup\u0103 cum este prezentat\u0103 \u00een sec\u021biunea Semnifica\u021bia steagurilor. El\/ea declar\u0103 c\u0103 a \u00een\u021beles con\u021binutul prezentei declara\u021bii \u0219i va respecta obliga\u021biile care \u00eei revin.<\/li>\n\n\n\n<li>Participantul declara \u00een continuare c\u0103 este apt at\u00e2t fizic c\u00e2t \u0219i mental, vederea (verificat\u0103 corespunz\u0103tor) este cel pu\u021bin la nivelul standardului necesar pentru examenul de \u0219oferi \u0219i nu sufer\u0103 de nicio alt\u0103 boal\u0103 sau dizabilitate care ar putea s\u0103 pericliteze abilitatea sa de a conduce pe pist\u0103 \u0219i\/sau nu este are cuno\u0219tin\u021b\u0103 de o astfel de insuficien\u021b\u0103 a minorului sau a persoanei sub sarcina sa, care intr\u0103 pe circuit.<\/li>\n\n\n\n<li>Participantul isi asuma toate obliga\u021biile de mai sus \u0219i \u00een cazul \u00een care \u00een locul s\u0103u intr\u0103 o alt\u0103 persoan\u0103 pe circuit, care nu a semnat o Declara\u021bie pe propria r\u0103spundere.<\/li>\n\n\n\n<li>\u00cen cazul \u00een care Participantul a \u00eenchiriat sau a primit un transponder de vitez\u0103, are obliga\u021bia de a \u00eenapoia transponderul la sf\u00e2r\u0219itul evenimentului. \u00cen cazul \u00een care participantul nu a returnat, a deteriorat sau a pierdut transponderul, se oblig\u0103 s\u0103 pl\u0103teasc\u0103 contravaloarea acestuia de 750 euro\/buc.<\/li>\n\n\n\n<li>Participantul este de acord, conform Politicii de protectie a datelor personale si a normelor GDPR intrate in vigoare in 24 mai 2018 ca: numele si prenumele sau, datele despre vehiculul sau, tara pe care o reprezinta, timpii obtinuti in cadrul evenimentelor sa fie afisati pe ecranele din incinta MotorPark Romania precum si pe internet, pe site-ul www.motorparkromania.ro si www.speedhive.com, pe orice suport electronic. Participantul isi poate exercita toate drepturile legale in acest sens.<\/li>\n\n\n\n<li>\u00cen cazul \u00een care obliga\u021biile men\u021bionate \u00een acest document, (inclusiv cele de la punctul 21) vor fi \u00eenc\u0103lcate de c\u0103tre Participant, acesta va pl\u0103ti o amend\u0103 \u00een valoare de 500 euro (valoare calculat\u0103 \u00een RON la cursul BNR al zilei) pentru fiecare \u00eenc\u0103lcare a obliga\u021biilor \u00een parte.<\/li>\n\n\n\n<li>Participantul va achita aceast\u0103 amend\u0103 imediat (\u00eenainte de a p\u0103r\u0103si incinta Circuitului) la solicitarea COMPANIEI (sau a unui reprezentant oficial al COMPANIEI). Participantul este de acord ca, reprezentan\u021bii oficiali ai COMPANIEI s\u0103 ii poat\u0103 interzice accesul pe circuit \u00een cazul \u00een care exist\u0103 o suspiciune c\u0103 Participantul nu a respectat obliga\u021biile specificate la Punctul 21 al acestei Declara\u021bii.<\/li>\n\n\n\n<li>Participantul declar\u0103 \u00een continuare c\u0103, din c\u00e2te cunoa\u0219te la acest moment, nu sufer\u0103 de epilepsie, convulsii, pierderi recurente de con\u0219tien\u021b\u0103, episoade de le\u0219in sau ame\u021beal\u0103; disconfort de spate, g\u00e2t sau de coloan\u0103 vertebral\u0103, disloc\u0103ri, sl\u0103biciune sau fracturi, diabet, boli pulmonare sau cardiologice, leziuni cerebrale sau sarcin\u0103, care i-ar \u00eempiedica abilitatea de a conduce \u0219i\/sau nu este con\u0219tient de o astfel de insuficien\u021b\u0103 a minorului sau a persoanei de care este responsabil\/\u0103 \u0219i care intr\u0103 pe circuit.<\/li>\n\n\n\n<li>Participantul declar\u0103 \u00een continuare c\u0103 nu particip\u0103 \u00eempotriva unei recomand\u0103ri medicale \u0219i c\u0103 nu a fost diagnosticat cu o boala terminal\u0103 care s\u0103-i \u00eempiedice abilitatea de a conduce pe pist\u0103.<\/li>\n\n\n\n<li>De asemenea participantul \u00ee\u0219i asum\u0103 pagubele materiale ale circuitului \u0219i\/sau a materialelor \u00eenchiriate, produse din culpa sa.<\/li>\n\n\n\n<li>Prin semnarea Declara\u021biei pe Propria R\u0103spundere participantul accept\u0103 ca \u00een\u021belege \u00een totalitate termenii \u0219i condi\u021biile acesteia \u0219i motivele pentru care i s-a cerut s\u0103 o semneze \u0219i confirm\u0103 c\u0103 o semneaz\u0103 de bun\u0103 voie \u0219i neinfluen\u021bat de nimeni.<\/li>\n\n\n\n<li>De asemenea, participantul confirm\u0103 c\u0103 \u00een\u021belege c\u0103 acest sport \u0219i toate activit\u0103\u021bile ce \u021bin de el nu sunt f\u0103r\u0103 riscuri \u0219i \u00een consecin\u021b\u0103 accept\u0103 responsabilitatea de a avea grij\u0103 at\u00e2t de siguran\u021ba sa c\u00e2t \u0219i a celor din jurul s\u0103u \u00eentr-un mod prudent \u0219i con\u0219tiincios \u00een tot timpul petrecut pe circuit.<\/li>\n\n\n\n<li>Participantul \u00een\u021belege c\u0103 se va ab\u021bine de la a participa dac\u0103 nu este de acord s\u0103 accepte riscurile inerente implicate.<\/li>\n\n\n\n<li>Participantul declar\u0103 c\u0103 \u00een eventualitatea \u00een care se simte indispus fizic sau mental sau sufer\u0103 o v\u0103t\u0103mare, r\u0103nire de orice tip, va notifica imediat reprezentantul autorizat al loca\u021biei unde se desf\u0103\u0219oar\u0103 activitatea. Ca urmare, va \u00eenceta activitatea dac\u0103 el\/ea consider\u0103 sau dac\u0103 va fi astfel sf\u0103tuit de c\u0103tre reprezentan\u021bii circuitului.<\/li>\n<\/ol>\n\n\n\n<hr class=\"wp-block-separator has-alpha-channel-opacity\"\/>","protected":false},"excerpt":{"rendered":"<p>Termenii \u0219i condi\u021biile de acces pe circuitul MotorPark Romania Termenii si Condi\u021biile listate \u00een continuare fac parte integrant\u0103 din Declara\u021bia pe Propria R\u0103spundere ce trebuie completat\u0103 pentru accesul pe Circuit.<\/p>","protected":false},"author":1,"featured_media":0,"parent":198,"menu_order":1,"comment_status":"closed","ping_status":"closed","template":"","meta":{"_EventAllDay":false,"_EventTimezone":"","_EventStartDate":"","_EventEndDate":"","_EventStartDateUTC":"","_EventEndDateUTC":"","_EventShowMap":false,"_EventShowMapLink":false,"_EventURL":"","_EventCost":"","_EventCostDescription":"","_EventCurrencySymbol":"","_EventCurrencyCode":"","_EventCurrencyPosition":"","_EventDateTimeSeparator":"","_EventTimeRangeSeparator":"","_EventOrganizerID":[],"_EventVenueID":[],"_OrganizerEmail":"","_OrganizerPhone":"","_OrganizerWebsite":"","_VenueAddress":"","_VenueCity":"","_VenueCountry":"","_VenueProvince":"","_VenueState":"","_VenueZip":"","_VenuePhone":"","_VenueURL":"","_VenueStateProvince":"","_VenueLat":"","_VenueLng":"","_VenueShowMap":false,"_VenueShowMapLink":false,"footnotes":""},"class_list":["post-494","page","type-page","status-publish","hentry"],"_links":{"self":[{"href":"https:\/\/motorparkexperience.ro\/en\/wp-json\/wp\/v2\/pages\/494","targetHints":{"allow":["GET"]}}],"collection":[{"href":"https:\/\/motorparkexperience.ro\/en\/wp-json\/wp\/v2\/pages"}],"about":[{"href":"https:\/\/motorparkexperience.ro\/en\/wp-json\/wp\/v2\/types\/page"}],"author":[{"embeddable":true,"href":"https:\/\/motorparkexperience.ro\/en\/wp-json\/wp\/v2\/users\/1"}],"replies":[{"embeddable":true,"href":"https:\/\/motorparkexperience.ro\/en\/wp-json\/wp\/v2\/comments?post=494"}],"version-history":[{"count":1,"href":"https:\/\/motorparkexperience.ro\/en\/wp-json\/wp\/v2\/pages\/494\/revisions"}],"predecessor-version":[{"id":495,"href":"https:\/\/motorparkexperience.ro\/en\/wp-json\/wp\/v2\/pages\/494\/revisions\/495"}],"up":[{"embeddable":true,"href":"https:\/\/motorparkexperience.ro\/en\/wp-json\/wp\/v2\/pages\/198"}],"wp:attachment":[{"href":"https:\/\/motorparkexperience.ro\/en\/wp-json\/wp\/v2\/media?parent=494"}],"curies":[{"name":"wp","href":"https:\/\/api.w.org\/{rel}","templated":true}]}}