{"id":497,"date":"2026-02-06T14:15:37","date_gmt":"2026-02-06T12:15:37","guid":{"rendered":"https:\/\/motorparkexperience.ro\/?page_id=497"},"modified":"2026-02-08T09:43:56","modified_gmt":"2026-02-08T07:43:56","slug":"informatii-suplimentare","status":"publish","type":"page","link":"https:\/\/motorparkexperience.ro\/en\/informatii\/informatii-suplimentare\/","title":{"rendered":"Additional Information"},"content":{"rendered":"<hr class=\"wp-block-separator has-alpha-channel-opacity\"\/>\n\n\n\n<h5 class=\"wp-block-heading has-text-color has-link-color wp-elements-fdc9476469d7e6c21e0a24c6aaae22a4\" id=\"sus\" style=\"color:#a30000\">Contents:<\/h5>\n\n\n\n<ol class=\"wp-block-list\">\n<li class=\"has-text-color has-link-color wp-elements-df51fe3572bab03c3bd1249f76dddd47\" style=\"color:#0600ff\"><a href=\"#1\" data-type=\"internal\" data-id=\"#Ce-se-discut\u0103-la-briefing\">Ce se discut\u0103 la briefing? Este obligatoriu s\u0103 particip?<\/a><\/li>\n\n\n\n<li class=\"has-text-color has-link-color wp-elements-c0fe06b4cc5d817c08f61f6b4a587c64\" style=\"color:#0600ff\"><a href=\"#2\">Unde pot vedea rezultatele mele?<\/a><\/li>\n\n\n\n<li class=\"has-text-color has-link-color wp-elements-cf76883c0302dc8f35ffe00ed5c62bb8\" style=\"color:#0600ff\"><a href=\"#3\">Pot completa Declara\u021bia pe Propria R\u0103spundere \u00eenainte de a veni la circuit?<\/a><\/li>\n<\/ol>\n\n\n\n<hr class=\"wp-block-separator has-alpha-channel-opacity\"\/>\n\n\n\n<div style=\"height:50px\" aria-hidden=\"true\" id=\"1\" class=\"wp-block-spacer\"><\/div>\n\n\n\n<h5 class=\"wp-block-heading has-text-color has-link-color wp-elements-257580f45f1c79c7d5d90e5910863022\" style=\"color:#a30000\">1. Ce se discut\u0103 la briefing? Este obligatoriu s\u0103 particip?<\/h5>\n\n\n\n<p>Briefingul este un instructaj care se \u021bine de obicei diminea\u021ba, \u00eenainte de \u00eenceperea sesiunilor.<\/p>\n\n\n\n<p>Briefingul nu este obligatoriu. Noi, \u00een calitate de organizator, putem s\u0103 \u00eel \u021binem sau nu. Dar am ales varianta s\u0103 \u00eel \u021binem de fiecare dat\u0103 pentru a explica lucrurile particulare care au loc la evenimentul respectiv \u0219i ce trebuie s\u0103 faci \u00een anumite cazuri. Participarea pilo\u021bilor nu este obligatorie, dar este indicat s\u0103 vii, chiar dac\u0103 ai mai fost la circuit. O s\u0103 vezi c\u0103 mul\u021bi pilo\u021bi profesioni\u0219ti particip\u0103 de fiecare dat\u0103, de\u0219i \u0219tiu lucrurile de ani de zile. <\/p>\n\n\n\n<p>Informa\u021biile discutate sunt destul de multe \u0219i, poate, greu de re\u021binut din prima, mai ales dac\u0103 nu ai mai fost la circuit. Mai jos sunt specificate c\u00e2teva lucruri care se discut\u0103 la briefing:<\/p>\n\n\n\n<ul class=\"wp-block-list\">\n<li>Sensul \u00een care se merge \u00een ziua respectiv\u0103 (orar sau anti-orar)<\/li>\n\n\n\n<li>Pe unde se intr\u0103 \u0219i pe unde se iese de pe pist\u0103<\/li>\n\n\n\n<li>Traseul de urmat prin paddock pentru ie\u0219ire \u0219i intrare (este bine s\u0103 se evite intersectarea fluxurilor)<\/li>\n\n\n\n<li>Echipament de protec\u021bie necesar, mascarea p\u0103r\u021bilor vitrate, scoaterea num\u0103rului de \u00eenmatriculare (moto)<\/li>\n\n\n\n<li>Echipament de protec\u021bie necesar, existen\u021ba extinctorului \u0219i a c\u00e2rligului de remorcare (auto)<\/li>\n\n\n\n<li>Ce trebuie s\u0103 faci c\u00e2nd ajungi la intrarea pe pist\u0103 &#8211; ce se verific\u0103, ce trebuie s\u0103 prezin\u021bi \u0219i ce semne \u00ee\u021bi face arbitrul de la intrare<\/li>\n\n\n\n<li>Steaguri la intrarea pe pist\u0103<\/li>\n\n\n\n<li>Ce trebuie s\u0103 respec\u021bi c\u00e2nd intri \u0219i c\u00e2nd ie\u0219i pe\/ de pe pist\u0103<\/li>\n\n\n\n<li>Steagurile (indicatoarele luminoase) ce le po\u021bi vedea \u00een timp ce e\u0219ti pe pist\u0103, \u00eensemn\u0103tatea lor \u0219i ce trebuie s\u0103 faci<\/li>\n\n\n\n<li>Cine are voie pe pitlane. Deplasarea pe pitlane cu maxim 60 km\/h precum \u0219i \u00een paddock cu 20 km\/h<\/li>\n\n\n\n<li>Ce nu ai voie s\u0103 faci pe pist\u0103 (s\u0103 te opre\u0219ti voluntar f\u0103r\u0103 s\u0103 ai probleme, s\u0103 mergi \u00een sens invers, s\u0103 mergi foarte \u00eencet, s\u0103 fii agresiv etc.)<\/li>\n\n\n\n<li>Ce trebuie s\u0103 faci \u00een cazul unei c\u0103z\u0103turi (moto). Cum procedezi dac\u0103 e\u0219ti \u00een regul\u0103 \u0219i cum procedezi dac\u0103 te-ai accidentat sau motocicleta nu mai poate fi pornit\u0103.<\/li>\n\n\n\n<li>Ce trebuie s\u0103 faci \u00een cazul \u00een care ie\u0219i \u00een afara pistei (auto) \u0219i po\u021bi sau nu mai po\u021bi reveni pe pist\u0103<\/li>\n\n\n\n<li>Penaliz\u0103ri pentru cei ce nu respect\u0103 indica\u021biile \u0219i regulamentul<\/li>\n\n\n\n<li>Lucruri complet interzise pe MotorPark Romania care pot duce la eliminarea ta de pe circuit f\u0103r\u0103 drept de a mai reveni \u00een ziua respectiv\u0103 &#8211; drift (auto)<\/li>\n\n\n\n<li>Sesiune de \u00eentreb\u0103ri \u0219i r\u0103spunsuri<\/li>\n<\/ul>\n\n\n\n<div class=\"wp-block-buttons is-horizontal is-content-justification-right is-nowrap is-layout-flex wp-container-core-buttons-is-layout-75cb6e41 wp-block-buttons-is-layout-flex\">\n<div class=\"wp-block-button is-style-fill\" id=\"sus\"><a class=\"wp-block-button__link has-background wp-element-button\" href=\"#sus\" style=\"background-color:#a30000\">\u00cenapoi Sus<\/a><\/div>\n<\/div>\n\n\n\n<hr class=\"wp-block-separator has-alpha-channel-opacity\"\/>\n\n\n\n<div style=\"height:50px\" aria-hidden=\"true\" id=\"2\" class=\"wp-block-spacer\"><\/div>\n\n\n\n<h5 class=\"wp-block-heading has-text-color has-link-color wp-elements-aa8bbaa4173f5047bc1d8a63ab63416e\" id=\"block-ec56ad0e-65af-4dc7-a742-8f37a73be77d\" style=\"color:#a30000\">2. Unde pot vedea rezultatele mele?<\/h5>\n\n\n\n<ul class=\"wp-block-list\">\n<li>Rezultatele sunt afi\u0219ate pe ecranele din cadrul circuitului<\/li>\n\n\n\n<li>\u00cen general este afi\u0219at\u0103 sesiunea \u00een curs<\/li>\n\n\n\n<li>Rezultatele sunt afi\u0219ate dup\u0103 nume (nu dup\u0103 num\u0103rul de transponder)<\/li>\n\n\n\n<li>Rezultatele pot fi accesate pe calculator pe site-ul MotorPark Romania <a href=\"https:\/\/motorparkromania.ro\/rezultate.html\">https:\/\/motorparkromania.ro\/rezultate.html<\/a><\/li>\n\n\n\n<li>Rezultatele pot fi consultate pe aplica\u021bia Mylaps Speedhive care poate fi desc\u0103rcat\u0103 pentru Android sau IOs<\/li>\n<\/ul>\n\n\n\n<div class=\"wp-block-columns is-layout-flex wp-container-core-columns-is-layout-28f84493 wp-block-columns-is-layout-flex\">\n<div class=\"wp-block-column is-layout-flow wp-block-column-is-layout-flow\">\n<figure class=\"wp-block-image size-full is-resized\"><a href=\"https:\/\/apps.apple.com\/us\/app\/mylaps-speedhive\/id988412583\"><img loading=\"lazy\" decoding=\"async\" width=\"412\" height=\"122\" src=\"https:\/\/motorparkexperience.ro\/wp-content\/uploads\/2026\/02\/image-3.png\" alt=\"\" class=\"wp-image-501\" style=\"aspect-ratio:3.3771298085368;width:257px;height:auto\" srcset=\"https:\/\/motorparkexperience.ro\/wp-content\/uploads\/2026\/02\/image-3.png 412w, https:\/\/motorparkexperience.ro\/wp-content\/uploads\/2026\/02\/image-3-300x89.png 300w\" sizes=\"auto, (max-width: 412px) 100vw, 412px\" \/><\/a><\/figure>\n<\/div>\n\n\n\n<div class=\"wp-block-column is-layout-flow wp-block-column-is-layout-flow\">\n<figure class=\"wp-block-image size-full is-resized\"><a href=\"https:\/\/play.google.com\/store\/apps\/details?id=com.mylaps.speedhive&amp;referrer=utm_source%3DSpeedhive%20website%26utm_medium%3Ddownload%20page\"><img loading=\"lazy\" decoding=\"async\" width=\"413\" height=\"122\" src=\"https:\/\/motorparkexperience.ro\/wp-content\/uploads\/2026\/02\/image-4.png\" alt=\"\" class=\"wp-image-502\" style=\"aspect-ratio:3.385455185772143;width:252px;height:auto\" srcset=\"https:\/\/motorparkexperience.ro\/wp-content\/uploads\/2026\/02\/image-4.png 413w, https:\/\/motorparkexperience.ro\/wp-content\/uploads\/2026\/02\/image-4-300x89.png 300w\" sizes=\"auto, (max-width: 413px) 100vw, 413px\" \/><\/a><\/figure>\n<\/div>\n<\/div>\n\n\n\n<figure class=\"wp-block-image size-full is-resized\"><img loading=\"lazy\" decoding=\"async\" width=\"750\" height=\"87\" src=\"https:\/\/motorparkexperience.ro\/wp-content\/uploads\/2026\/02\/image-6.png\" alt=\"\" class=\"wp-image-504\" style=\"aspect-ratio:8.622338113863538;width:574px;height:auto\" srcset=\"https:\/\/motorparkexperience.ro\/wp-content\/uploads\/2026\/02\/image-6.png 750w, https:\/\/motorparkexperience.ro\/wp-content\/uploads\/2026\/02\/image-6-600x70.png 600w, https:\/\/motorparkexperience.ro\/wp-content\/uploads\/2026\/02\/image-6-300x35.png 300w\" sizes=\"auto, (max-width: 750px) 100vw, 750px\" \/><\/figure>\n\n\n\n<ul class=\"wp-block-list\">\n<li>Dac\u0103 ai instalat aplica\u021bia pe telefon, vei g\u0103si aici toate informa\u021biile despre evenimentele \u0219i sesiunile la care ai participat. Nu trebuie neap\u0103rat s\u0103 \u00ee\u021bi creezi un cont. Dai skip \u0219i selectezi \u021bara \u0219i tipul de eveniment (car sau motorbike). Apoi selectezi evenimentul la care ai participat &#8222;Track day auto din 24.09.2025&#8221;. Vei gasi rezultatele dupa numele tau.<\/li>\n\n\n\n<li>Nu incerca sa introduci numarul transponderului pe care l-ai avut. Nu vei reu\u0219i s\u0103 afli rezultatele pentru c\u0103 transponderul este al MotorPark. Aceast\u0103 sec\u021biune e destinat\u0103 celor care au transpondere personale.<\/li>\n\n\n\n<li>Dac\u0103 nu reu\u0219e\u0219ti, \u00ee\u021bi st\u0103m la dispozi\u021bie oric\u00e2nd, cu informa\u021bii.<\/li>\n<\/ul>\n\n\n\n<p><\/p>\n\n\n\n<div class=\"wp-block-buttons is-horizontal is-content-justification-right is-nowrap is-layout-flex wp-container-core-buttons-is-layout-75cb6e41 wp-block-buttons-is-layout-flex\">\n<div class=\"wp-block-button is-style-fill\" id=\"sus\"><a class=\"wp-block-button__link has-background wp-element-button\" href=\"#sus\" style=\"background-color:#a30000\">\u00cenapoi Sus<\/a><\/div>\n<\/div>\n\n\n\n<hr class=\"wp-block-separator has-alpha-channel-opacity\"\/>\n\n\n\n<div style=\"height:50px\" aria-hidden=\"true\" id=\"3\" class=\"wp-block-spacer\"><\/div>\n\n\n\n<h5 class=\"wp-block-heading has-text-color has-link-color wp-elements-cab71b1429a0942fc3c951cb20f74c02\" id=\"block-ec56ad0e-65af-4dc7-a742-8f37a73be77d\" style=\"color:#a30000\">3. Pot completa Declara\u021bia pe Propria R\u0103spundere \u00eenainte s\u0103 vin la circuit?<\/h5>\n\n\n\n<ul class=\"wp-block-list\">\n<li>Da, este chiar indicat s\u0103 faci acest lucru, \u00eentruc\u00e2t evi\u021bi o parte din aglomera\u021bia de la \u00eenceputul zilei<\/li>\n\n\n\n<li>Declara\u021bia totu\u0219i trebuie s\u0103 fie \u00een stare fizic\u0103, printat\u0103. Astfel, po\u021bi desc\u0103rca declara\u021bia de aici, o printezi, o completezi \u0219i o semnezi \u0219i vii cu ea la circuit.<\/li>\n\n\n\n<li>E important ca data de pe Declara\u021bie s\u0103 fie data evenimentului la care vii s\u0103 te dai<\/li>\n\n\n\n<li>Este interzis\u0103 alterarea prevederilor din declara\u021bie prin orice metode, acest lucru constituind fals in declara\u021bii, fapt\u0103 ce poate fi pedepsit\u0103 penal.<\/li>\n<\/ul>\n\n\n\n<figure class=\"wp-block-table\"><table><thead><tr><th class=\"has-text-align-center\" data-align=\"center\">Nr.<\/th><th>Download<\/th><th>Ce reprezint\u0103<\/th><\/tr><\/thead><tbody><tr><td class=\"has-text-align-center\" data-align=\"center\">1.<\/td><td><a href=\"https:\/\/motorparkexperience.ro\/wp-content\/uploads\/2026\/02\/A102-RO-Declaratie-pe-propria-raspundere.pdf\" data-type=\"attachment\" data-id=\"509\">Declara\u021bie pe Propria R\u0103spundere<\/a><\/td><td>Declara\u021bie general\u0103 ce trebuie completat\u0103 de to\u021bi cei care intr\u0103 pe circuit, indiferent dac\u0103 sunt pilo\u021bi sau pasageri<\/td><\/tr><tr><td class=\"has-text-align-center\" data-align=\"center\">2.<\/td><td><a href=\"https:\/\/motorparkexperience.ro\/wp-content\/uploads\/2026\/02\/A103-RO-Declaratie-pe-propria-raspundere-minor.pdf\" data-type=\"attachment\" data-id=\"510\">Declara\u021bie pe Propria R\u0103spundere pentru minori<\/a><\/td><td>Declara\u021bie ce trebuie completat\u0103 \u00een cazul \u00een care persoana care intr\u0103 pe circuit este minor\u0103 \u0219i are permisiunea de a participa conform regulamentului. <br>Pe fa\u021b\u0103 se completeaz\u0103 datele minorului iar pe verso datele p\u0103rintelui\/ tutorelui legal.<\/td><\/tr><tr><td class=\"has-text-align-center\" data-align=\"center\">3.<\/td><td><a href=\"https:\/\/motorparkexperience.ro\/wp-content\/uploads\/2026\/02\/Declaratie-pe-propria-raspundere-inchiriere.pdf\" data-type=\"attachment\" data-id=\"513\">Declara\u021bie pe Propria R\u0103spundere pentru ma\u0219ini \u00eenchiriate<\/a><\/td><td>Declara\u021bie ce trebuie completat\u0103 \u00een cazul \u00een care persoana care intr\u0103 pe circuit intr\u0103 cu o ma\u0219in\u0103 \u00eenchiriat\u0103 de la noi sau beneficiaz\u0103 de un voucher pentru acces cu una dintre ma\u0219inile \u00eenchiriate de c\u0103tre noi. <\/td><\/tr><\/tbody><\/table><\/figure>\n\n\n\n<hr class=\"wp-block-separator has-alpha-channel-opacity\"\/>\n\n\n\n<div class=\"wp-block-buttons is-horizontal is-content-justification-right is-nowrap is-layout-flex wp-container-core-buttons-is-layout-75cb6e41 wp-block-buttons-is-layout-flex\">\n<div class=\"wp-block-button is-style-fill\" id=\"sus\"><a class=\"wp-block-button__link has-background wp-element-button\" href=\"#sus\" style=\"background-color:#a30000\">\u00cenapoi Sus<\/a><\/div>\n<\/div>","protected":false},"excerpt":{"rendered":"<p>Cuprins: 1. Ce se discut\u0103 la briefing? Este obligatoriu s\u0103 particip? Briefingul este un instructaj care se \u021bine de obicei diminea\u021ba, \u00eenainte de \u00eenceperea sesiunilor. Briefingul nu este obligatoriu. Noi, [&hellip;]<\/p>\n","protected":false},"author":1,"featured_media":0,"parent":198,"menu_order":100,"comment_status":"closed","ping_status":"closed","template":"","meta":{"_EventAllDay":false,"_EventTimezone":"","_EventStartDate":"","_EventEndDate":"","_EventStartDateUTC":"","_EventEndDateUTC":"","_EventShowMap":false,"_EventShowMapLink":false,"_EventURL":"","_EventCost":"","_EventCostDescription":"","_EventCurrencySymbol":"","_EventCurrencyCode":"","_EventCurrencyPosition":"","_EventDateTimeSeparator":"","_EventTimeRangeSeparator":"","_EventOrganizerID":[],"_EventVenueID":[],"_OrganizerEmail":"","_OrganizerPhone":"","_OrganizerWebsite":"","_VenueAddress":"","_VenueCity":"","_VenueCountry":"","_VenueProvince":"","_VenueState":"","_VenueZip":"","_VenuePhone":"","_VenueURL":"","_VenueStateProvince":"","_VenueLat":"","_VenueLng":"","_VenueShowMap":false,"_VenueShowMapLink":false,"footnotes":""},"class_list":["post-497","page","type-page","status-publish","hentry"],"_links":{"self":[{"href":"https:\/\/motorparkexperience.ro\/en\/wp-json\/wp\/v2\/pages\/497","targetHints":{"allow":["GET"]}}],"collection":[{"href":"https:\/\/motorparkexperience.ro\/en\/wp-json\/wp\/v2\/pages"}],"about":[{"href":"https:\/\/motorparkexperience.ro\/en\/wp-json\/wp\/v2\/types\/page"}],"author":[{"embeddable":true,"href":"https:\/\/motorparkexperience.ro\/en\/wp-json\/wp\/v2\/users\/1"}],"replies":[{"embeddable":true,"href":"https:\/\/motorparkexperience.ro\/en\/wp-json\/wp\/v2\/comments?post=497"}],"version-history":[{"count":30,"href":"https:\/\/motorparkexperience.ro\/en\/wp-json\/wp\/v2\/pages\/497\/revisions"}],"predecessor-version":[{"id":607,"href":"https:\/\/motorparkexperience.ro\/en\/wp-json\/wp\/v2\/pages\/497\/revisions\/607"}],"up":[{"embeddable":true,"href":"https:\/\/motorparkexperience.ro\/en\/wp-json\/wp\/v2\/pages\/198"}],"wp:attachment":[{"href":"https:\/\/motorparkexperience.ro\/en\/wp-json\/wp\/v2\/media?parent=497"}],"curies":[{"name":"wp","href":"https:\/\/api.w.org\/{rel}","templated":true}]}}