{"id":532,"date":"2026-02-06T18:33:06","date_gmt":"2026-02-06T16:33:06","guid":{"rendered":"https:\/\/motorparkexperience.ro\/?page_id=532"},"modified":"2026-02-07T09:37:12","modified_gmt":"2026-02-07T07:37:12","slug":"despre-motorpark-experience","status":"publish","type":"page","link":"https:\/\/motorparkexperience.ro\/en\/despre-motorpark-experience\/","title":{"rendered":"About MotorPark Experience"},"content":{"rendered":"<figure class=\"wp-block-image aligncenter size-large is-resized\"><img loading=\"lazy\" decoding=\"async\" width=\"1024\" height=\"289\" src=\"https:\/\/motorparkexperience.ro\/wp-content\/uploads\/2024\/10\/Sigla-Experience-1024x289.jpg\" alt=\"\" class=\"wp-image-22\" style=\"aspect-ratio:3.5434627857312346;width:521px;height:auto\" srcset=\"https:\/\/motorparkexperience.ro\/wp-content\/uploads\/2024\/10\/Sigla-Experience-1024x289.jpg 1024w, https:\/\/motorparkexperience.ro\/wp-content\/uploads\/2024\/10\/Sigla-Experience-600x169.jpg 600w, https:\/\/motorparkexperience.ro\/wp-content\/uploads\/2024\/10\/Sigla-Experience-300x85.jpg 300w, https:\/\/motorparkexperience.ro\/wp-content\/uploads\/2024\/10\/Sigla-Experience-768x216.jpg 768w, https:\/\/motorparkexperience.ro\/wp-content\/uploads\/2024\/10\/Sigla-Experience-148x42.jpg 148w, https:\/\/motorparkexperience.ro\/wp-content\/uploads\/2024\/10\/Sigla-Experience-31x9.jpg 31w, https:\/\/motorparkexperience.ro\/wp-content\/uploads\/2024\/10\/Sigla-Experience-38x11.jpg 38w, https:\/\/motorparkexperience.ro\/wp-content\/uploads\/2024\/10\/Sigla-Experience-425x120.jpg 425w, https:\/\/motorparkexperience.ro\/wp-content\/uploads\/2024\/10\/Sigla-Experience.jpg 1249w\" sizes=\"auto, (max-width: 1024px) 100vw, 1024px\" \/><\/figure>\n\n\n\n<hr class=\"wp-block-separator has-alpha-channel-opacity\"\/>\n\n\n\n<p>\u00cen 2018, la 3 ani dup\u0103 \u00eenfiin\u021barea circuitului MotorPark Romania, am promovat conceptul de Track Day MotorPark Experience &#8211; Experien\u021ba ta pe circuit -, at\u00e2t auto c\u00e2t \u0219i moto, dintr-o perspectiv\u0103 personal\u0103.<\/p>\n\n\n\n<p>Ce ne-am dorit? Un eveniment la care participan\u021bii s\u0103 fie trata\u021bi cu respect, s\u0103 beneficieze de informa\u021bii pertinente \u0219i reale, s\u0103 dispun\u0103 de un briefing \u0219i de sfaturi \u0219i un grad c\u00e2t mai \u00eenalt de siguran\u021b\u0103 pe circuit. Am dorit s\u0103 fim prieteni, pentru ca to\u021bi care particip\u0103 s\u0103 revin\u0103 cu pl\u0103cere. Dar nu am f\u0103cut \u0219i nu facem rabat de la siguran\u021b\u0103.<\/p>\n\n\n\n<p>Astfel am format o echip\u0103 care, pe l\u00e2ng\u0103 MotorPark Experience, conduce cele mai multe evenimente de pe circuit, curse, evenimente private \u0219i track day, de la Race Control.<\/p>\n\n\n\n<ul class=\"wp-block-list\">\n<li>Bogdan &#8211; experien\u021b\u0103 de peste 25 de ani \u00een organizare, motociclism, cronometraj \u0219i race control<\/li>\n\n\n\n<li>Dorin &#8211; experien\u021b\u0103 de peste 10 ani \u00een organizare, cronometraj, evenimente auto &#8211; moto \u0219i race control<\/li>\n\n\n\n<li>Beatrice &#8211; \u00eenscrieri, vouchere, repartiz\u0103ri la ma\u0219ini, transpondere<\/li>\n\n\n\n<li>Diana &#8211; \u00eenscrieri, cronometraj, vouchere, organizare<\/li>\n\n\n\n<li>Isabelle &#8211; cronometraj<\/li>\n\n\n\n<li>Teo &#8211; cronometraj<\/li>\n\n\n\n<li>Rebecca &#8211; arbitrii electronici<\/li>\n\n\n\n<li>Robert (Manu) &#8211; coordonare arbitri, acces pe circuit<\/li>\n\n\n\n<li>Robert, Andrei, Zabi, Adrian \u0219i mul\u021bi al\u021bii &#8211; instructori cu experien\u021b\u0103 pe MotorPark Romania <\/li>\n<\/ul>\n\n\n\n<p>MotoRC, BMU, curse de anduran\u021b\u0103, time attack, sprint, evenimente private, track day &#8211; ne ve\u021bi g\u0103si, cel pu\u021bin o parte dintre noi, mereu, la Race Control. Asta ne arat\u0103 c\u0103 at\u00e2t participan\u021bii c\u00e2t \u0219i organizatorii diferitelor evenimente pe circuit au \u00eencredere deplin\u0103 \u00een noi.<\/p>\n\n\n\n<hr class=\"wp-block-separator has-alpha-channel-opacity\"\/>\n\n\n\n<figure class=\"wp-block-image size-large is-style-rounded is-style-rounded--1\"><img loading=\"lazy\" decoding=\"async\" width=\"1024\" height=\"585\" src=\"https:\/\/motorparkexperience.ro\/wp-content\/uploads\/2026\/02\/Porsche-asfintit-1024x585.jpeg\" alt=\"\" class=\"wp-image-537\" srcset=\"https:\/\/motorparkexperience.ro\/wp-content\/uploads\/2026\/02\/Porsche-asfintit-1024x585.jpeg 1024w, https:\/\/motorparkexperience.ro\/wp-content\/uploads\/2026\/02\/Porsche-asfintit-600x343.jpeg 600w, https:\/\/motorparkexperience.ro\/wp-content\/uploads\/2026\/02\/Porsche-asfintit-300x171.jpeg 300w, https:\/\/motorparkexperience.ro\/wp-content\/uploads\/2026\/02\/Porsche-asfintit-768x439.jpeg 768w, https:\/\/motorparkexperience.ro\/wp-content\/uploads\/2026\/02\/Porsche-asfintit.jpeg 1344w\" sizes=\"auto, (max-width: 1024px) 100vw, 1024px\" \/><\/figure>\n\n\n\n<hr class=\"wp-block-separator has-alpha-channel-opacity\"\/>\n\n\n\n<p><\/p>","protected":false},"excerpt":{"rendered":"<p>\u00cen 2018, la 3 ani dup\u0103 \u00eenfiin\u021barea circuitului MotorPark Romania, am promovat conceptul de Track Day MotorPark Experience &#8211; Experien\u021ba ta pe circuit -, at\u00e2t auto c\u00e2t \u0219i moto, dintr-o [&hellip;]<\/p>\n","protected":false},"author":1,"featured_media":0,"parent":0,"menu_order":0,"comment_status":"closed","ping_status":"closed","template":"","meta":{"_EventAllDay":false,"_EventTimezone":"","_EventStartDate":"","_EventEndDate":"","_EventStartDateUTC":"","_EventEndDateUTC":"","_EventShowMap":false,"_EventShowMapLink":false,"_EventURL":"","_EventCost":"","_EventCostDescription":"","_EventCurrencySymbol":"","_EventCurrencyCode":"","_EventCurrencyPosition":"","_EventDateTimeSeparator":"","_EventTimeRangeSeparator":"","_EventOrganizerID":[],"_EventVenueID":[],"_OrganizerEmail":"","_OrganizerPhone":"","_OrganizerWebsite":"","_VenueAddress":"","_VenueCity":"","_VenueCountry":"","_VenueProvince":"","_VenueState":"","_VenueZip":"","_VenuePhone":"","_VenueURL":"","_VenueStateProvince":"","_VenueLat":"","_VenueLng":"","_VenueShowMap":false,"_VenueShowMapLink":false,"footnotes":""},"class_list":["post-532","page","type-page","status-publish","hentry"],"_links":{"self":[{"href":"https:\/\/motorparkexperience.ro\/en\/wp-json\/wp\/v2\/pages\/532","targetHints":{"allow":["GET"]}}],"collection":[{"href":"https:\/\/motorparkexperience.ro\/en\/wp-json\/wp\/v2\/pages"}],"about":[{"href":"https:\/\/motorparkexperience.ro\/en\/wp-json\/wp\/v2\/types\/page"}],"author":[{"embeddable":true,"href":"https:\/\/motorparkexperience.ro\/en\/wp-json\/wp\/v2\/users\/1"}],"replies":[{"embeddable":true,"href":"https:\/\/motorparkexperience.ro\/en\/wp-json\/wp\/v2\/comments?post=532"}],"version-history":[{"count":3,"href":"https:\/\/motorparkexperience.ro\/en\/wp-json\/wp\/v2\/pages\/532\/revisions"}],"predecessor-version":[{"id":552,"href":"https:\/\/motorparkexperience.ro\/en\/wp-json\/wp\/v2\/pages\/532\/revisions\/552"}],"wp:attachment":[{"href":"https:\/\/motorparkexperience.ro\/en\/wp-json\/wp\/v2\/media?parent=532"}],"curies":[{"name":"wp","href":"https:\/\/api.w.org\/{rel}","templated":true}]}}